{"id":1949,"date":"2025-06-12T23:52:00","date_gmt":"2025-06-12T23:52:00","guid":{"rendered":"https:\/\/www.dota.go.cr\/ViveDota\/?page_id=1949"},"modified":"2025-08-05T17:49:17","modified_gmt":"2025-08-05T17:49:17","slug":"2-17-english-corner","status":"publish","type":"page","link":"https:\/\/www.dota.go.cr\/ViveDota\/02-producers\/2-17-english-corner\/","title":{"rendered":"2.22 English Corner"},"content":{"rendered":"\t\t<div data-elementor-type=\"wp-page\" data-elementor-id=\"1949\" class=\"elementor elementor-1949\">\n\t\t\t\t<div class=\"elementor-element elementor-element-10cb0e6 e-flex e-con-boxed e-con e-parent\" data-id=\"10cb0e6\" data-element_type=\"container\">\n\t\t\t\t\t<div class=\"e-con-inner\">\n\t\t\t\t<div class=\"elementor-element elementor-element-5bd2dd2 elementor-widget-divider--view-line elementor-widget elementor-widget-divider\" data-id=\"5bd2dd2\" data-element_type=\"widget\" data-widget_type=\"divider.default\">\n\t\t\t\t<div class=\"elementor-widget-container\">\n\t\t\t\t\t\t\t<div class=\"elementor-divider\">\n\t\t\t<span class=\"elementor-divider-separator\">\n\t\t\t\t\t\t<\/span>\n\t\t<\/div>\n\t\t\t\t\t\t<\/div>\n\t\t\t\t<\/div>\n\t\t\t\t\t<\/div>\n\t\t\t\t<\/div>\n\t\t<div class=\"elementor-element elementor-element-948dda7 e-flex e-con-boxed e-con e-parent\" data-id=\"948dda7\" data-element_type=\"container\" data-settings=\"{&quot;background_background&quot;:&quot;video&quot;}\">\n\t\t\t\t\t<div class=\"e-con-inner\">\n\t\t<div class=\"elementor-element elementor-element-b613fef e-con-full e-flex e-con e-child\" data-id=\"b613fef\" data-element_type=\"container\" data-settings=\"{&quot;background_background&quot;:&quot;video&quot;}\">\n\t\t<div class=\"elementor-element elementor-element-e1b7f2c e-con-full e-flex e-con e-child\" data-id=\"e1b7f2c\" data-element_type=\"container\">\n\t\t\t\t<div class=\"elementor-element elementor-element-027acbd elementor-widget elementor-widget-heading\" data-id=\"027acbd\" data-element_type=\"widget\" data-widget_type=\"heading.default\">\n\t\t\t\t<div class=\"elementor-widget-container\">\n\t\t\t\t\t<h2 class=\"elementor-heading-title elementor-size-default\">English Corner<\/h2>\t\t\t\t<\/div>\n\t\t\t\t<\/div>\n\t\t\t\t<\/div>\n\t\t<div class=\"elementor-element elementor-element-fee3ca6 e-con-full e-flex e-con e-child\" data-id=\"fee3ca6\" data-element_type=\"container\" data-settings=\"{&quot;background_background&quot;:&quot;classic&quot;}\">\n\t\t<div class=\"elementor-element elementor-element-d133e11 e-con-full e-flex e-con e-child\" data-id=\"d133e11\" data-element_type=\"container\">\n\t\t\t\t<div class=\"elementor-element elementor-element-b7acce0 elementor-list-item-link-full_width elementor-widget elementor-widget-icon-list\" data-id=\"b7acce0\" data-element_type=\"widget\" data-widget_type=\"icon-list.default\">\n\t\t\t\t<div class=\"elementor-widget-container\">\n\t\t\t\t\t\t\t<ul class=\"elementor-icon-list-items\">\n\t\t\t\t\t\t\t<li class=\"elementor-icon-list-item\">\n\t\t\t\t\t\t\t\t\t\t\t<span class=\"elementor-icon-list-icon\">\n\t\t\t\t\t\t\t<svg aria-hidden=\"true\" class=\"e-font-icon-svg e-fas-phone-alt\" viewBox=\"0 0 512 512\" xmlns=\"http:\/\/www.w3.org\/2000\/svg\"><path d=\"M497.39 361.8l-112-48a24 24 0 0 0-28 6.9l-49.6 60.6A370.66 370.66 0 0 1 130.6 204.11l60.6-49.6a23.94 23.94 0 0 0 6.9-28l-48-112A24.16 24.16 0 0 0 122.6.61l-104 24A24 24 0 0 0 0 48c0 256.5 207.9 464 464 464a24 24 0 0 0 23.4-18.6l24-104a24.29 24.29 0 0 0-14.01-27.6z\"><\/path><\/svg>\t\t\t\t\t\t<\/span>\n\t\t\t\t\t\t\t\t\t\t<span class=\"elementor-icon-list-text\">+506 8317 8482\/ 8317 8662<\/span>\n\t\t\t\t\t\t\t\t\t<\/li>\n\t\t\t\t\t\t\t\t<li class=\"elementor-icon-list-item\">\n\t\t\t\t\t\t\t\t\t\t\t<span class=\"elementor-icon-list-icon\">\n\t\t\t\t\t\t\t<svg aria-hidden=\"true\" class=\"e-font-icon-svg e-fas-envelope\" viewBox=\"0 0 512 512\" xmlns=\"http:\/\/www.w3.org\/2000\/svg\"><path d=\"M502.3 190.8c3.9-3.1 9.7-.2 9.7 4.7V400c0 26.5-21.5 48-48 48H48c-26.5 0-48-21.5-48-48V195.6c0-5 5.7-7.8 9.7-4.7 22.4 17.4 52.1 39.5 154.1 113.6 21.1 15.4 56.7 47.8 92.2 47.6 35.7.3 72-32.8 92.3-47.6 102-74.1 131.6-96.3 154-113.7zM256 320c23.2.4 56.6-29.2 73.4-41.4 132.7-96.3 142.8-104.7 173.4-128.7 5.8-4.5 9.2-11.5 9.2-18.9v-19c0-26.5-21.5-48-48-48H48C21.5 64 0 85.5 0 112v19c0 7.4 3.4 14.3 9.2 18.9 30.6 23.9 40.7 32.4 173.4 128.7 16.8 12.2 50.2 41.8 73.4 41.4z\"><\/path><\/svg>\t\t\t\t\t\t<\/span>\n\t\t\t\t\t\t\t\t\t\t<span class=\"elementor-icon-list-text\">dwahaus@gmail.com<\/span>\n\t\t\t\t\t\t\t\t\t<\/li>\n\t\t\t\t\t\t\t\t<li class=\"elementor-icon-list-item\">\n\t\t\t\t\t\t\t\t\t\t\t<span class=\"elementor-icon-list-icon\">\n\t\t\t\t\t\t\t<svg aria-hidden=\"true\" class=\"e-font-icon-svg e-fas-map-marker-alt\" viewBox=\"0 0 384 512\" xmlns=\"http:\/\/www.w3.org\/2000\/svg\"><path d=\"M172.268 501.67C26.97 291.031 0 269.413 0 192 0 85.961 85.961 0 192 0s192 85.961 192 192c0 77.413-26.97 99.031-172.268 309.67-9.535 13.774-29.93 13.773-39.464 0zM192 272c44.183 0 80-35.817 80-80s-35.817-80-80-80-80 35.817-80 80 35.817 80 80 80z\"><\/path><\/svg>\t\t\t\t\t\t<\/span>\n\t\t\t\t\t\t\t\t\t\t<span class=\"elementor-icon-list-text\">Municipalidad de Dota, Santa Mar\u00eda de Dota, San Jos\u00e9, Costa Rica<\/span>\n\t\t\t\t\t\t\t\t\t<\/li>\n\t\t\t\t\t\t\t\t<li class=\"elementor-icon-list-item\">\n\t\t\t\t\t\t\t\t\t\t\t<span class=\"elementor-icon-list-icon\">\n\t\t\t\t\t\t\t<svg aria-hidden=\"true\" class=\"e-font-icon-svg e-fas-clock\" viewBox=\"0 0 512 512\" xmlns=\"http:\/\/www.w3.org\/2000\/svg\"><path d=\"M256,8C119,8,8,119,8,256S119,504,256,504,504,393,504,256,393,8,256,8Zm92.49,313h0l-20,25a16,16,0,0,1-22.49,2.5h0l-67-49.72a40,40,0,0,1-15-31.23V112a16,16,0,0,1,16-16h32a16,16,0,0,1,16,16V256l58,42.5A16,16,0,0,1,348.49,321Z\"><\/path><\/svg>\t\t\t\t\t\t<\/span>\n\t\t\t\t\t\t\t\t\t\t<span class=\"elementor-icon-list-text\">Mi\u00e9rcoles 7 pm<\/span>\n\t\t\t\t\t\t\t\t\t<\/li>\n\t\t\t\t\t\t<\/ul>\n\t\t\t\t\t\t<\/div>\n\t\t\t\t<\/div>\n\t\t\t\t<\/div>\n\t\t\t\t<\/div>\n\t\t\t\t<\/div>\n\t\t<div class=\"elementor-element elementor-element-405162c e-con-full e-flex e-con e-child\" data-id=\"405162c\" data-element_type=\"container\">\n\t\t\t\t<div class=\"elementor-element elementor-element-c1d2b04 elementor-widget elementor-widget-image\" data-id=\"c1d2b04\" data-element_type=\"widget\" data-widget_type=\"image.default\">\n\t\t\t\t<div class=\"elementor-widget-container\">\n\t\t\t\t\t\t\t\t\t\t\t\t\t\t\t<img fetchpriority=\"high\" decoding=\"async\" width=\"1024\" height=\"1024\" src=\"https:\/\/www.dota.go.cr\/ViveDota\/wp-content\/uploads\/2025\/06\/DSC_7856_1-e1751839218796-1024x1024.jpg\" class=\"attachment-large size-large wp-image-1953\" alt=\"\" srcset=\"https:\/\/www.dota.go.cr\/ViveDota\/wp-content\/uploads\/2025\/06\/DSC_7856_1-e1751839218796-1024x1024.jpg 1024w, https:\/\/www.dota.go.cr\/ViveDota\/wp-content\/uploads\/2025\/06\/DSC_7856_1-e1751839218796-300x300.jpg 300w, https:\/\/www.dota.go.cr\/ViveDota\/wp-content\/uploads\/2025\/06\/DSC_7856_1-e1751839218796-150x150.jpg 150w, https:\/\/www.dota.go.cr\/ViveDota\/wp-content\/uploads\/2025\/06\/DSC_7856_1-e1751839218796-768x768.jpg 768w, https:\/\/www.dota.go.cr\/ViveDota\/wp-content\/uploads\/2025\/06\/DSC_7856_1-e1751839218796.jpg 1320w\" sizes=\"(max-width: 1024px) 100vw, 1024px\" \/>\t\t\t\t\t\t\t\t\t\t\t\t\t\t\t<\/div>\n\t\t\t\t<\/div>\n\t\t\t\t<\/div>\n\t\t\t\t\t<\/div>\n\t\t\t\t<\/div>\n\t\t<div class=\"elementor-element elementor-element-f560730 e-flex e-con-boxed e-con e-parent\" data-id=\"f560730\" data-element_type=\"container\">\n\t\t\t\t\t<div class=\"e-con-inner\">\n\t\t\t\t<div class=\"elementor-element elementor-element-87545e4 elementor-widget elementor-widget-spacer\" data-id=\"87545e4\" data-element_type=\"widget\" data-widget_type=\"spacer.default\">\n\t\t\t\t<div class=\"elementor-widget-container\">\n\t\t\t\t\t\t\t<div class=\"elementor-spacer\">\n\t\t\t<div class=\"elementor-spacer-inner\"><\/div>\n\t\t<\/div>\n\t\t\t\t\t\t<\/div>\n\t\t\t\t<\/div>\n\t\t\t\t\t<\/div>\n\t\t\t\t<\/div>\n\t\t<div class=\"elementor-element elementor-element-b9a6a17 e-flex e-con-boxed e-con e-parent\" data-id=\"b9a6a17\" data-element_type=\"container\">\n\t\t\t\t\t<div class=\"e-con-inner\">\n\t\t<div class=\"elementor-element elementor-element-6e51f0e e-con-full e-flex e-con e-child\" data-id=\"6e51f0e\" data-element_type=\"container\" data-settings=\"{&quot;background_background&quot;:&quot;video&quot;}\">\n\t\t\t\t<div class=\"elementor-element elementor-element-3c04c7d elementor-widget elementor-widget-heading\" data-id=\"3c04c7d\" data-element_type=\"widget\" data-widget_type=\"heading.default\">\n\t\t\t\t<div class=\"elementor-widget-container\">\n\t\t\t\t\t<h4 class=\"elementor-heading-title elementor-size-default\">Ingl\u00e9s para tod@s! <\/h4>\t\t\t\t<\/div>\n\t\t\t\t<\/div>\n\t\t\t\t<div class=\"elementor-element elementor-element-4e7d80d elementor-widget__width-inherit elementor-widget elementor-widget-text-editor\" data-id=\"4e7d80d\" data-element_type=\"widget\" data-widget_type=\"text-editor.default\">\n\t\t\t\t<div class=\"elementor-widget-container\">\n\t\t\t\t\t\t\t\t\t<p>\u00bfLe gustar\u00eda aprender espa\u00f1ol en un ambiente relajado y alegre? \u00bfQuiere conocer personas de Dota y de diferentes partes del mundo? English Corner es un espacio gratuito donde podr\u00e1 mejorar su espa\u00f1ol o ingl\u00e9s, sin importar su nivel.<\/p><p>El grupo se re\u00fane todos los mi\u00e9rcoles para conversar sobre temas cotidianos, hacer nuevas amistades y aprender de forma divertida y natural. Cont\u00e1ctenos al n\u00famero indicado arriba para m\u00e1s informaci\u00f3n o para unirse al grupo.<\/p>\t\t\t\t\t\t\t\t<\/div>\n\t\t\t\t<\/div>\n\t\t\t\t<\/div>\n\t\t\t\t\t<\/div>\n\t\t\t\t<\/div>\n\t\t<div class=\"elementor-element elementor-element-25b148f e-flex e-con-boxed e-con e-parent\" data-id=\"25b148f\" data-element_type=\"container\">\n\t\t\t\t\t<div class=\"e-con-inner\">\n\t\t\t\t<div class=\"elementor-element elementor-element-f184cd3 elementor-widget elementor-widget-spacer\" data-id=\"f184cd3\" data-element_type=\"widget\" data-widget_type=\"spacer.default\">\n\t\t\t\t<div class=\"elementor-widget-container\">\n\t\t\t\t\t\t\t<div class=\"elementor-spacer\">\n\t\t\t<div class=\"elementor-spacer-inner\"><\/div>\n\t\t<\/div>\n\t\t\t\t\t\t<\/div>\n\t\t\t\t<\/div>\n\t\t\t\t\t<\/div>\n\t\t\t\t<\/div>\n\t\t<div class=\"elementor-element elementor-element-9ad47d5 e-flex e-con-boxed e-con e-parent\" data-id=\"9ad47d5\" data-element_type=\"container\">\n\t\t\t\t\t<div class=\"e-con-inner\">\n\t\t<div class=\"elementor-element elementor-element-08cdba3 e-con-full e-flex e-con e-child\" data-id=\"08cdba3\" data-element_type=\"container\">\n\t\t\t\t<div class=\"elementor-element elementor-element-f1475d9 elementor-widget elementor-widget-image\" data-id=\"f1475d9\" data-element_type=\"widget\" data-widget_type=\"image.default\">\n\t\t\t\t<div class=\"elementor-widget-container\">\n\t\t\t\t\t\t\t\t\t\t\t\t\t\t\t<img decoding=\"async\" width=\"1024\" height=\"526\" src=\"https:\/\/www.dota.go.cr\/ViveDota\/wp-content\/uploads\/2025\/06\/DSC_7859_1-1024x526.jpg\" class=\"attachment-large size-large wp-image-1952\" alt=\"\" srcset=\"https:\/\/www.dota.go.cr\/ViveDota\/wp-content\/uploads\/2025\/06\/DSC_7859_1-1024x526.jpg 1024w, https:\/\/www.dota.go.cr\/ViveDota\/wp-content\/uploads\/2025\/06\/DSC_7859_1-300x154.jpg 300w, https:\/\/www.dota.go.cr\/ViveDota\/wp-content\/uploads\/2025\/06\/DSC_7859_1-768x394.jpg 768w, https:\/\/www.dota.go.cr\/ViveDota\/wp-content\/uploads\/2025\/06\/DSC_7859_1-1536x789.jpg 1536w, https:\/\/www.dota.go.cr\/ViveDota\/wp-content\/uploads\/2025\/06\/DSC_7859_1.jpg 1980w\" sizes=\"(max-width: 1024px) 100vw, 1024px\" \/>\t\t\t\t\t\t\t\t\t\t\t\t\t\t\t<\/div>\n\t\t\t\t<\/div>\n\t\t\t\t<\/div>\n\t\t<div class=\"elementor-element elementor-element-2a46a57 e-con-full e-flex e-con e-child\" data-id=\"2a46a57\" data-element_type=\"container\">\n\t\t\t\t<div class=\"elementor-element elementor-element-48d46a3 elementor-widget elementor-widget-spacer\" data-id=\"48d46a3\" data-element_type=\"widget\" data-widget_type=\"spacer.default\">\n\t\t\t\t<div class=\"elementor-widget-container\">\n\t\t\t\t\t\t\t<div class=\"elementor-spacer\">\n\t\t\t<div class=\"elementor-spacer-inner\"><\/div>\n\t\t<\/div>\n\t\t\t\t\t\t<\/div>\n\t\t\t\t<\/div>\n\t\t\t\t<div class=\"elementor-element elementor-element-a84bd47 elementor-widget elementor-widget-text-editor\" data-id=\"a84bd47\" data-element_type=\"widget\" data-widget_type=\"text-editor.default\">\n\t\t\t\t<div class=\"elementor-widget-container\">\n\t\t\t\t\t\t\t\t\t<p data-start=\"276\" data-end=\"470\">La pareja Dwahaus se mud\u00f3 de Estados Unidos a Costa Rica para disfrutar de la naturaleza y la cultura, y encontr\u00f3 su hogar so\u00f1ado aqu\u00ed en Dota. En EE.\u202fUU., ambos trabajaban como profesores. Jeanet, quien creci\u00f3 en P\u00e9rez Zeled\u00f3n y vivi\u00f3 un tiempo en Estados Unidos, conoci\u00f3 all\u00ed a su esposo. Al regresar con \u00e9l a Costa Rica, decidi\u00f3 dedicar su vida profesional a la ense\u00f1anza del ingl\u00e9s. Su pasi\u00f3n por la ense\u00f1anza es tan grande que, junto con la pareja Dwahaus, fund\u00f3 English Corner, un espacio donde hoy comparte su conocimiento y entusiasmo.\u00a0<\/p>\t\t\t\t\t\t\t\t<\/div>\n\t\t\t\t<\/div>\n\t\t\t\t<\/div>\n\t\t\t\t\t<\/div>\n\t\t\t\t<\/div>\n\t\t<div class=\"elementor-element elementor-element-3757368 e-flex e-con-boxed e-con e-parent\" data-id=\"3757368\" data-element_type=\"container\">\n\t\t\t\t\t<div class=\"e-con-inner\">\n\t\t<div class=\"elementor-element elementor-element-dd80434 e-con-full e-flex e-con e-child\" data-id=\"dd80434\" data-element_type=\"container\">\n\t\t\t\t<div class=\"elementor-element elementor-element-ad802ec elementor-widget elementor-widget-text-editor\" data-id=\"ad802ec\" data-element_type=\"widget\" data-widget_type=\"text-editor.default\">\n\t\t\t\t<div class=\"elementor-widget-container\">\n\t\t\t\t\t\t\t\t\t<p data-start=\"276\" data-end=\"470\">Aparte de su trabajo diario, Jeanet ense\u00f1a ingl\u00e9s los mi\u00e9rcoles por la noche. As\u00ed que ac\u00e9rquese: all\u00ed encontrar\u00e1 un curso de ingl\u00e9s impartido por profesionales, con toda la diversi\u00f3n, cercan\u00eda y comunidad que hacen del aprendizaje una experiencia \u00fanica. Su pasi\u00f3n por la ense\u00f1anza es tan grande que, junto con la pareja Dwahaus, fund\u00f3 English Corner, un espacio donde hoy comparte su conocimiento y entusiasmo. Aparte de su trabajo diario, Jeanet ense\u00f1a ingl\u00e9s los mi\u00e9rcoles por la noche. As\u00ed que ac\u00e9rquese: all\u00ed encontrar\u00e1 un curso de ingl\u00e9s impartido por profesionales, con toda la diversi\u00f3n, cercan\u00eda y comunidad que hacen del aprendizaje una experiencia \u00fanica.<\/p>\t\t\t\t\t\t\t\t<\/div>\n\t\t\t\t<\/div>\n\t\t\t\t<\/div>\n\t\t\t\t\t<\/div>\n\t\t\t\t<\/div>\n\t\t<div class=\"elementor-element elementor-element-94f5e6c e-flex e-con-boxed e-con e-parent\" data-id=\"94f5e6c\" data-element_type=\"container\">\n\t\t\t\t\t<div class=\"e-con-inner\">\n\t\t\t\t<div class=\"elementor-element elementor-element-33c6a69 elementor-widget elementor-widget-spacer\" data-id=\"33c6a69\" data-element_type=\"widget\" data-widget_type=\"spacer.default\">\n\t\t\t\t<div class=\"elementor-widget-container\">\n\t\t\t\t\t\t\t<div class=\"elementor-spacer\">\n\t\t\t<div class=\"elementor-spacer-inner\"><\/div>\n\t\t<\/div>\n\t\t\t\t\t\t<\/div>\n\t\t\t\t<\/div>\n\t\t\t\t\t<\/div>\n\t\t\t\t<\/div>\n\t\t\t\t<\/div>\n\t\t","protected":false},"excerpt":{"rendered":"<p>English Corner +506 8317 8482\/ 8317 8662 dwahaus@gmail.com Municipalidad de Dota, Santa Mar\u00eda de Dota, San Jos\u00e9, Costa Rica Mi\u00e9rcoles [&hellip;]<\/p>\n","protected":false},"author":1,"featured_media":0,"parent":391,"menu_order":0,"comment_status":"closed","ping_status":"closed","template":"","meta":{"_acf_changed":false,"site-sidebar-layout":"no-sidebar","site-content-layout":"","ast-site-content-layout":"full-width-container","site-content-style":"default","site-sidebar-style":"default","ast-global-header-display":"","ast-banner-title-visibility":"","ast-main-header-display":"","ast-hfb-above-header-display":"","ast-hfb-below-header-display":"","ast-hfb-mobile-header-display":"","site-post-title":"disabled","ast-breadcrumbs-content":"","ast-featured-img":"disabled","footer-sml-layout":"","theme-transparent-header-meta":"","adv-header-id-meta":"","stick-header-meta":"","header-above-stick-meta":"","header-main-stick-meta":"","header-below-stick-meta":"","astra-migrate-meta-layouts":"default","ast-page-background-enabled":"default","ast-page-background-meta":{"desktop":{"background-color":"var(--ast-global-color-4)","background-image":"","background-repeat":"repeat","background-position":"center center","background-size":"auto","background-attachment":"scroll","background-type":"","background-media":"","overlay-type":"","overlay-color":"","overlay-opacity":"","overlay-gradient":""},"tablet":{"background-color":"","background-image":"","background-repeat":"repeat","background-position":"center center","background-size":"auto","background-attachment":"scroll","background-type":"","background-media":"","overlay-type":"","overlay-color":"","overlay-opacity":"","overlay-gradient":""},"mobile":{"background-color":"","background-image":"","background-repeat":"repeat","background-position":"center center","background-size":"auto","background-attachment":"scroll","background-type":"","background-media":"","overlay-type":"","overlay-color":"","overlay-opacity":"","overlay-gradient":""}},"ast-content-background-meta":{"desktop":{"background-color":"var(--ast-global-color-5)","background-image":"","background-repeat":"repeat","background-position":"center center","background-size":"auto","background-attachment":"scroll","background-type":"","background-media":"","overlay-type":"","overlay-color":"","overlay-opacity":"","overlay-gradient":""},"tablet":{"background-color":"var(--ast-global-color-5)","background-image":"","background-repeat":"repeat","background-position":"center center","background-size":"auto","background-attachment":"scroll","background-type":"","background-media":"","overlay-type":"","overlay-color":"","overlay-opacity":"","overlay-gradient":""},"mobile":{"background-color":"var(--ast-global-color-5)","background-image":"","background-repeat":"repeat","background-position":"center center","background-size":"auto","background-attachment":"scroll","background-type":"","background-media":"","overlay-type":"","overlay-color":"","overlay-opacity":"","overlay-gradient":""}},"footnotes":""},"class_list":["post-1949","page","type-page","status-publish","hentry"],"acf":[],"_links":{"self":[{"href":"https:\/\/www.dota.go.cr\/ViveDota\/wp-json\/wp\/v2\/pages\/1949","targetHints":{"allow":["GET"]}}],"collection":[{"href":"https:\/\/www.dota.go.cr\/ViveDota\/wp-json\/wp\/v2\/pages"}],"about":[{"href":"https:\/\/www.dota.go.cr\/ViveDota\/wp-json\/wp\/v2\/types\/page"}],"author":[{"embeddable":true,"href":"https:\/\/www.dota.go.cr\/ViveDota\/wp-json\/wp\/v2\/users\/1"}],"replies":[{"embeddable":true,"href":"https:\/\/www.dota.go.cr\/ViveDota\/wp-json\/wp\/v2\/comments?post=1949"}],"version-history":[{"count":46,"href":"https:\/\/www.dota.go.cr\/ViveDota\/wp-json\/wp\/v2\/pages\/1949\/revisions"}],"predecessor-version":[{"id":4170,"href":"https:\/\/www.dota.go.cr\/ViveDota\/wp-json\/wp\/v2\/pages\/1949\/revisions\/4170"}],"up":[{"embeddable":true,"href":"https:\/\/www.dota.go.cr\/ViveDota\/wp-json\/wp\/v2\/pages\/391"}],"wp:attachment":[{"href":"https:\/\/www.dota.go.cr\/ViveDota\/wp-json\/wp\/v2\/media?parent=1949"}],"curies":[{"name":"wp","href":"https:\/\/api.w.org\/{rel}","templated":true}]}}