{"id":3026,"date":"2025-07-09T19:28:39","date_gmt":"2025-07-09T19:28:39","guid":{"rendered":"https:\/\/www.dota.go.cr\/ViveDota\/?page_id=3026"},"modified":"2025-07-14T00:26:13","modified_gmt":"2025-07-14T00:26:13","slug":"2-20-creacciones-de-erika","status":"publish","type":"page","link":"https:\/\/www.dota.go.cr\/ViveDota\/02-producers\/2-20-creacciones-de-erika\/","title":{"rendered":"2.21 Creacciones de Erika"},"content":{"rendered":"\t\t<div data-elementor-type=\"wp-page\" data-elementor-id=\"3026\" class=\"elementor elementor-3026\">\n\t\t\t\t<div class=\"elementor-element elementor-element-10cb0e6 e-flex e-con-boxed e-con e-parent\" data-id=\"10cb0e6\" data-element_type=\"container\">\n\t\t\t\t\t<div class=\"e-con-inner\">\n\t\t\t\t<div class=\"elementor-element elementor-element-5bd2dd2 elementor-widget-divider--view-line elementor-widget elementor-widget-divider\" data-id=\"5bd2dd2\" data-element_type=\"widget\" data-widget_type=\"divider.default\">\n\t\t\t\t<div class=\"elementor-widget-container\">\n\t\t\t\t\t\t\t<div class=\"elementor-divider\">\n\t\t\t<span class=\"elementor-divider-separator\">\n\t\t\t\t\t\t<\/span>\n\t\t<\/div>\n\t\t\t\t\t\t<\/div>\n\t\t\t\t<\/div>\n\t\t\t\t\t<\/div>\n\t\t\t\t<\/div>\n\t\t<div class=\"elementor-element elementor-element-df2de84 e-flex e-con-boxed e-con e-parent\" data-id=\"df2de84\" data-element_type=\"container\">\n\t\t\t\t\t<div class=\"e-con-inner\">\n\t\t<div class=\"elementor-element elementor-element-f56e864 e-con-full e-flex e-con e-child\" data-id=\"f56e864\" data-element_type=\"container\">\n\t\t<div class=\"elementor-element elementor-element-9664a0d e-con-full e-flex e-con e-child\" data-id=\"9664a0d\" data-element_type=\"container\">\n\t\t<div class=\"elementor-element elementor-element-72f3522 e-con-full e-flex e-con e-child\" data-id=\"72f3522\" data-element_type=\"container\">\n\t\t\t\t<div class=\"elementor-element elementor-element-a5ce208 elementor-widget elementor-widget-heading\" data-id=\"a5ce208\" data-element_type=\"widget\" data-widget_type=\"heading.default\">\n\t\t\t\t<div class=\"elementor-widget-container\">\n\t\t\t\t\t<h2 class=\"elementor-heading-title elementor-size-default\">Creacciones de Erika <\/h2>\t\t\t\t<\/div>\n\t\t\t\t<\/div>\n\t\t\t\t<\/div>\n\t\t<div class=\"elementor-element elementor-element-1b39bd9 e-con-full e-flex e-con e-child\" data-id=\"1b39bd9\" data-element_type=\"container\" data-settings=\"{&quot;background_background&quot;:&quot;classic&quot;}\">\n\t\t<div class=\"elementor-element elementor-element-f11c289 e-con-full e-flex e-con e-child\" data-id=\"f11c289\" data-element_type=\"container\">\n\t\t\t\t<div class=\"elementor-element elementor-element-6126a11 elementor-list-item-link-full_width elementor-widget elementor-widget-icon-list\" data-id=\"6126a11\" data-element_type=\"widget\" data-widget_type=\"icon-list.default\">\n\t\t\t\t<div class=\"elementor-widget-container\">\n\t\t\t\t\t\t\t<ul class=\"elementor-icon-list-items\">\n\t\t\t\t\t\t\t<li class=\"elementor-icon-list-item\">\n\t\t\t\t\t\t\t\t\t\t\t<span class=\"elementor-icon-list-icon\">\n\t\t\t\t\t\t\t<svg aria-hidden=\"true\" class=\"e-font-icon-svg e-fas-phone-alt\" viewBox=\"0 0 512 512\" xmlns=\"http:\/\/www.w3.org\/2000\/svg\"><path d=\"M497.39 361.8l-112-48a24 24 0 0 0-28 6.9l-49.6 60.6A370.66 370.66 0 0 1 130.6 204.11l60.6-49.6a23.94 23.94 0 0 0 6.9-28l-48-112A24.16 24.16 0 0 0 122.6.61l-104 24A24 24 0 0 0 0 48c0 256.5 207.9 464 464 464a24 24 0 0 0 23.4-18.6l24-104a24.29 24.29 0 0 0-14.01-27.6z\"><\/path><\/svg>\t\t\t\t\t\t<\/span>\n\t\t\t\t\t\t\t\t\t\t<span class=\"elementor-icon-list-text\">+506 8974 9809<\/span>\n\t\t\t\t\t\t\t\t\t<\/li>\n\t\t\t\t\t\t\t\t<li class=\"elementor-icon-list-item\">\n\t\t\t\t\t\t\t\t\t\t\t<span class=\"elementor-icon-list-icon\">\n\t\t\t\t\t\t\t<svg aria-hidden=\"true\" class=\"e-font-icon-svg e-fas-envelope\" viewBox=\"0 0 512 512\" xmlns=\"http:\/\/www.w3.org\/2000\/svg\"><path d=\"M502.3 190.8c3.9-3.1 9.7-.2 9.7 4.7V400c0 26.5-21.5 48-48 48H48c-26.5 0-48-21.5-48-48V195.6c0-5 5.7-7.8 9.7-4.7 22.4 17.4 52.1 39.5 154.1 113.6 21.1 15.4 56.7 47.8 92.2 47.6 35.7.3 72-32.8 92.3-47.6 102-74.1 131.6-96.3 154-113.7zM256 320c23.2.4 56.6-29.2 73.4-41.4 132.7-96.3 142.8-104.7 173.4-128.7 5.8-4.5 9.2-11.5 9.2-18.9v-19c0-26.5-21.5-48-48-48H48C21.5 64 0 85.5 0 112v19c0 7.4 3.4 14.3 9.2 18.9 30.6 23.9 40.7 32.4 173.4 128.7 16.8 12.2 50.2 41.8 73.4 41.4z\"><\/path><\/svg>\t\t\t\t\t\t<\/span>\n\t\t\t\t\t\t\t\t\t\t<span class=\"elementor-icon-list-text\">email@domain.com<\/span>\n\t\t\t\t\t\t\t\t\t<\/li>\n\t\t\t\t\t\t\t\t<li class=\"elementor-icon-list-item\">\n\t\t\t\t\t\t\t\t\t\t\t<span class=\"elementor-icon-list-icon\">\n\t\t\t\t\t\t\t<svg aria-hidden=\"true\" class=\"e-font-icon-svg e-fas-map-marker-alt\" viewBox=\"0 0 384 512\" xmlns=\"http:\/\/www.w3.org\/2000\/svg\"><path d=\"M172.268 501.67C26.97 291.031 0 269.413 0 192 0 85.961 85.961 0 192 0s192 85.961 192 192c0 77.413-26.97 99.031-172.268 309.67-9.535 13.774-29.93 13.773-39.464 0zM192 272c44.183 0 80-35.817 80-80s-35.817-80-80-80-80 35.817-80 80 35.817 80 80 80z\"><\/path><\/svg>\t\t\t\t\t\t<\/span>\n\t\t\t\t\t\t\t\t\t\t<span class=\"elementor-icon-list-text\">400m al Oeste del Parque de Santa Mar\u00eda de Dota, Santa Mar\u00eda de Dota, San Jos\u00e9, Costa Rica<\/span>\n\t\t\t\t\t\t\t\t\t<\/li>\n\t\t\t\t\t\t\t\t<li class=\"elementor-icon-list-item\">\n\t\t\t\t\t\t\t\t\t\t\t<span class=\"elementor-icon-list-icon\">\n\t\t\t\t\t\t\t<svg aria-hidden=\"true\" class=\"e-font-icon-svg e-fas-clock\" viewBox=\"0 0 512 512\" xmlns=\"http:\/\/www.w3.org\/2000\/svg\"><path d=\"M256,8C119,8,8,119,8,256S119,504,256,504,504,393,504,256,393,8,256,8Zm92.49,313h0l-20,25a16,16,0,0,1-22.49,2.5h0l-67-49.72a40,40,0,0,1-15-31.23V112a16,16,0,0,1,16-16h32a16,16,0,0,1,16,16V256l58,42.5A16,16,0,0,1,348.49,321Z\"><\/path><\/svg>\t\t\t\t\t\t<\/span>\n\t\t\t\t\t\t\t\t\t\t<span class=\"elementor-icon-list-text\">A solicitud <\/span>\n\t\t\t\t\t\t\t\t\t<\/li>\n\t\t\t\t\t\t<\/ul>\n\t\t\t\t\t\t<\/div>\n\t\t\t\t<\/div>\n\t\t\t\t<\/div>\n\t\t\t\t<\/div>\n\t\t\t\t<\/div>\n\t\t<div class=\"elementor-element elementor-element-3bb75d5 e-con-full e-flex e-con e-child\" data-id=\"3bb75d5\" data-element_type=\"container\">\n\t\t\t\t<div class=\"elementor-element elementor-element-1d37e68 elementor-widget elementor-widget-image\" data-id=\"1d37e68\" data-element_type=\"widget\" data-widget_type=\"image.default\">\n\t\t\t\t<div class=\"elementor-widget-container\">\n\t\t\t\t\t\t\t\t\t\t\t\t\t\t\t<img fetchpriority=\"high\" decoding=\"async\" width=\"1024\" height=\"1024\" src=\"https:\/\/www.dota.go.cr\/ViveDota\/wp-content\/uploads\/2025\/07\/Design-ohne-Titel-91-1024x1024.png\" class=\"attachment-large size-large wp-image-3460\" alt=\"\" srcset=\"https:\/\/www.dota.go.cr\/ViveDota\/wp-content\/uploads\/2025\/07\/Design-ohne-Titel-91-1024x1024.png 1024w, https:\/\/www.dota.go.cr\/ViveDota\/wp-content\/uploads\/2025\/07\/Design-ohne-Titel-91-300x300.png 300w, https:\/\/www.dota.go.cr\/ViveDota\/wp-content\/uploads\/2025\/07\/Design-ohne-Titel-91-150x150.png 150w, https:\/\/www.dota.go.cr\/ViveDota\/wp-content\/uploads\/2025\/07\/Design-ohne-Titel-91-768x768.png 768w, https:\/\/www.dota.go.cr\/ViveDota\/wp-content\/uploads\/2025\/07\/Design-ohne-Titel-91.png 1500w\" sizes=\"(max-width: 1024px) 100vw, 1024px\" \/>\t\t\t\t\t\t\t\t\t\t\t\t\t\t\t<\/div>\n\t\t\t\t<\/div>\n\t\t\t\t<\/div>\n\t\t\t\t<\/div>\n\t\t\t\t\t<\/div>\n\t\t\t\t<\/div>\n\t\t<div class=\"elementor-element elementor-element-c8aa4a4 e-flex e-con-boxed e-con e-parent\" data-id=\"c8aa4a4\" data-element_type=\"container\">\n\t\t\t\t\t<div class=\"e-con-inner\">\n\t\t\t\t<div class=\"elementor-element elementor-element-aa64687 elementor-widget elementor-widget-spacer\" data-id=\"aa64687\" data-element_type=\"widget\" data-widget_type=\"spacer.default\">\n\t\t\t\t<div class=\"elementor-widget-container\">\n\t\t\t\t\t\t\t<div class=\"elementor-spacer\">\n\t\t\t<div class=\"elementor-spacer-inner\"><\/div>\n\t\t<\/div>\n\t\t\t\t\t\t<\/div>\n\t\t\t\t<\/div>\n\t\t\t\t\t<\/div>\n\t\t\t\t<\/div>\n\t\t<div class=\"elementor-element elementor-element-b9a6a17 e-flex e-con-boxed e-con e-parent\" data-id=\"b9a6a17\" data-element_type=\"container\">\n\t\t\t\t\t<div class=\"e-con-inner\">\n\t\t<div class=\"elementor-element elementor-element-6e51f0e e-con-full e-flex e-con e-child\" data-id=\"6e51f0e\" data-element_type=\"container\">\n\t\t\t\t<div class=\"elementor-element elementor-element-3c04c7d elementor-widget elementor-widget-heading\" data-id=\"3c04c7d\" data-element_type=\"widget\" data-widget_type=\"heading.default\">\n\t\t\t\t<div class=\"elementor-widget-container\">\n\t\t\t\t\t<h4 class=\"elementor-heading-title elementor-size-default\">Arte textil con alma, comunidad e innovaci\u00f3n<\/h4>\t\t\t\t<\/div>\n\t\t\t\t<\/div>\n\t\t\t\t<div class=\"elementor-element elementor-element-4e7d80d elementor-widget__width-inherit elementor-widget elementor-widget-text-editor\" data-id=\"4e7d80d\" data-element_type=\"widget\" data-widget_type=\"text-editor.default\">\n\t\t\t\t<div class=\"elementor-widget-container\">\n\t\t\t\t\t\t\t\t\t<p data-start=\"379\" data-end=\"700\">Erika Herrera Barbosa es una experta en el arte textil; us\u00f3 una m\u00e1quina de coser por primera vez a los 13 a\u00f1os, y desde entonces supo que quer\u00eda dedicarse a esto. Sin embargo, la vida no siempre le permiti\u00f3 seguir ese camino desde el inicio. Cumpli\u00f3 primero con sus responsabilidades familiares, pero nunca dej\u00f3 de so\u00f1ar. Una figura clave en su inspiraci\u00f3n fue su abuela, quien se ganaba la vida horneando y dej\u00f3 en Erika un recuerdo entra\u00f1able. En su honor, Erika cre\u00f3 un dise\u00f1o conmemorativo que borda en bolsos y otros productos: una mujer con delantal frente al horno. Esta imagen se ha convertido en un sello distintivo de su marca.<\/p><p data-start=\"1019\" data-end=\"1475\">Cuando finalmente pudo formarse profesionalmente, Erika fund\u00f3 su propio emprendimiento: Creaciones de Erika, donde crea piezas \u00fanicas hechas a mano con pasi\u00f3n y dedicaci\u00f3n. Su talento y compromiso le han valido el prestigioso Sello Costa Rica Artesanal. Cada pieza de Creaciones de Erika es personalizada, pensada para satisfacer los gustos y necesidades individuales de sus clientes. Porque para ella, cada persona es \u00fanica y merece algo especial.<\/p><p data-start=\"1019\" data-end=\"1475\">Adem\u00e1s, su trabajo refleja un fuerte compromiso con el medio ambiente: reutiliza hasta el \u00faltimo retazo de tela, trabaja con algod\u00f3n puro y ofrece servicios de restauraci\u00f3n textil para evitar el desperdicio. Tambi\u00e9n reduce el uso de pl\u00e1stico al m\u00ednimo; sus empaques son reutilizables, hechos de tela o papel.<\/p>\t\t\t\t\t\t\t\t<\/div>\n\t\t\t\t<\/div>\n\t\t\t\t<div class=\"elementor-element elementor-element-30112ba elementor-widget-divider--view-line elementor-widget elementor-widget-divider\" data-id=\"30112ba\" data-element_type=\"widget\" data-widget_type=\"divider.default\">\n\t\t\t\t<div class=\"elementor-widget-container\">\n\t\t\t\t\t\t\t<div class=\"elementor-divider\">\n\t\t\t<span class=\"elementor-divider-separator\">\n\t\t\t\t\t\t<\/span>\n\t\t<\/div>\n\t\t\t\t\t\t<\/div>\n\t\t\t\t<\/div>\n\t\t\t\t<div class=\"elementor-element elementor-element-f55c083 elementor-widget elementor-widget-text-editor\" data-id=\"f55c083\" data-element_type=\"widget\" data-widget_type=\"text-editor.default\">\n\t\t\t\t<div class=\"elementor-widget-container\">\n\t\t\t\t\t\t\t\t\t<p><strong><span style=\"white-space-collapse: preserve; font-size: 1rem;\">\u201eYo soluciono una necesidad. Usted viene con una necesidad, y yo le digo: s\u00ed, se lo hago tal y como usted me lo est\u00e1 solicitando.<\/span><span style=\"white-space-collapse: preserve; font-size: 1rem;\">&#8220;<\/span><span style=\"white-space-collapse: preserve; font-style: inherit;\">\u00a0<\/span><\/strong><\/p>\t\t\t\t\t\t\t\t<\/div>\n\t\t\t\t<\/div>\n\t\t\t\t<div class=\"elementor-element elementor-element-bd409ab elementor-widget-divider--view-line elementor-widget elementor-widget-divider\" data-id=\"bd409ab\" data-element_type=\"widget\" data-widget_type=\"divider.default\">\n\t\t\t\t<div class=\"elementor-widget-container\">\n\t\t\t\t\t\t\t<div class=\"elementor-divider\">\n\t\t\t<span class=\"elementor-divider-separator\">\n\t\t\t\t\t\t<\/span>\n\t\t<\/div>\n\t\t\t\t\t\t<\/div>\n\t\t\t\t<\/div>\n\t\t\t\t<\/div>\n\t\t\t\t\t<\/div>\n\t\t\t\t<\/div>\n\t\t<div class=\"elementor-element elementor-element-4fd859a e-flex e-con-boxed e-con e-parent\" data-id=\"4fd859a\" data-element_type=\"container\">\n\t\t\t\t\t<div class=\"e-con-inner\">\n\t\t\t\t<div class=\"elementor-element elementor-element-7debf7b elementor-widget elementor-widget-spacer\" data-id=\"7debf7b\" data-element_type=\"widget\" data-widget_type=\"spacer.default\">\n\t\t\t\t<div class=\"elementor-widget-container\">\n\t\t\t\t\t\t\t<div class=\"elementor-spacer\">\n\t\t\t<div class=\"elementor-spacer-inner\"><\/div>\n\t\t<\/div>\n\t\t\t\t\t\t<\/div>\n\t\t\t\t<\/div>\n\t\t\t\t\t<\/div>\n\t\t\t\t<\/div>\n\t\t<div class=\"elementor-element elementor-element-7160885 e-flex e-con-boxed e-con e-parent\" data-id=\"7160885\" data-element_type=\"container\">\n\t\t\t\t\t<div class=\"e-con-inner\">\n\t\t<div class=\"elementor-element elementor-element-bde28e7 e-con-full e-flex e-con e-child\" data-id=\"bde28e7\" data-element_type=\"container\">\n\t\t\t\t<div class=\"elementor-element elementor-element-cf3d0b6 elementor-widget__width-initial elementor-widget elementor-widget-image\" data-id=\"cf3d0b6\" data-element_type=\"widget\" data-widget_type=\"image.default\">\n\t\t\t\t<div class=\"elementor-widget-container\">\n\t\t\t\t\t\t\t\t\t\t\t\t\t\t\t<img decoding=\"async\" width=\"1024\" height=\"1024\" src=\"https:\/\/www.dota.go.cr\/ViveDota\/wp-content\/uploads\/2025\/07\/Design-ohne-Titel-92-1024x1024.png\" class=\"attachment-large size-large wp-image-3464\" alt=\"\" srcset=\"https:\/\/www.dota.go.cr\/ViveDota\/wp-content\/uploads\/2025\/07\/Design-ohne-Titel-92-1024x1024.png 1024w, https:\/\/www.dota.go.cr\/ViveDota\/wp-content\/uploads\/2025\/07\/Design-ohne-Titel-92-300x300.png 300w, https:\/\/www.dota.go.cr\/ViveDota\/wp-content\/uploads\/2025\/07\/Design-ohne-Titel-92-150x150.png 150w, https:\/\/www.dota.go.cr\/ViveDota\/wp-content\/uploads\/2025\/07\/Design-ohne-Titel-92-768x768.png 768w, https:\/\/www.dota.go.cr\/ViveDota\/wp-content\/uploads\/2025\/07\/Design-ohne-Titel-92.png 1500w\" sizes=\"(max-width: 1024px) 100vw, 1024px\" \/>\t\t\t\t\t\t\t\t\t\t\t\t\t\t\t<\/div>\n\t\t\t\t<\/div>\n\t\t\t\t<\/div>\n\t\t<div class=\"elementor-element elementor-element-5474613 e-con-full e-flex e-con e-child\" data-id=\"5474613\" data-element_type=\"container\">\n\t\t\t\t<div class=\"elementor-element elementor-element-85c7812 elementor-widget elementor-widget-text-editor\" data-id=\"85c7812\" data-element_type=\"widget\" data-widget_type=\"text-editor.default\">\n\t\t\t\t<div class=\"elementor-widget-container\">\n\t\t\t\t\t\t\t\t\t<p data-start=\"1791\" data-end=\"2168\">Pero Erika es mucho m\u00e1s que una artista textil: es tambi\u00e9n una mentora y aliada de otras mujeres emprendedoras que, como ella, enfrentan barreras para desarrollarse. Apoya activamente a mujeres que deben cuidar a sus hijos y que cuentan con poco tiempo para dedicarse a sus propios proyectos. Les ofrece gu\u00eda, acompa\u00f1amiento y motivaci\u00f3n para que no renuncien a sus sue\u00f1os.<\/p><p data-start=\"2170\" data-end=\"2474\">Con una mente progresista y creativa, Erika siempre busca soluciones pr\u00e1cticas para la vida diaria. Uno de sus inventos m\u00e1s \u00fatiles es un soporte para bol\u00edgrafos incorporado en agendas, que surgi\u00f3 de una necesidad real y ha sido bien recibido por quienes buscan funcionalidad sin perder el dise\u00f1o. Erika tambi\u00e9n es un ejemplo de liderazgo comunitario y familiar. Apoya a sus hijas en sus propios caminos, fomenta la cooperaci\u00f3n local y comparte sus conocimientos con generosidad. Para ella, lo m\u00e1s importante es nunca dejar de aprender: el crecimiento personal y colectivo son parte esencial de su visi\u00f3n.<\/p>\t\t\t\t\t\t\t\t<\/div>\n\t\t\t\t<\/div>\n\t\t\t\t<\/div>\n\t\t\t\t\t<\/div>\n\t\t\t\t<\/div>\n\t\t<div class=\"elementor-element elementor-element-496f99b e-flex e-con-boxed e-con e-parent\" data-id=\"496f99b\" data-element_type=\"container\">\n\t\t\t\t\t<div class=\"e-con-inner\">\n\t\t\t\t<div class=\"elementor-element elementor-element-2ea0cde elementor-widget elementor-widget-spacer\" data-id=\"2ea0cde\" data-element_type=\"widget\" data-widget_type=\"spacer.default\">\n\t\t\t\t<div class=\"elementor-widget-container\">\n\t\t\t\t\t\t\t<div class=\"elementor-spacer\">\n\t\t\t<div class=\"elementor-spacer-inner\"><\/div>\n\t\t<\/div>\n\t\t\t\t\t\t<\/div>\n\t\t\t\t<\/div>\n\t\t\t\t\t<\/div>\n\t\t\t\t<\/div>\n\t\t<div class=\"elementor-element elementor-element-a9ff420 e-flex e-con-boxed e-con e-parent\" data-id=\"a9ff420\" data-element_type=\"container\">\n\t\t\t\t\t<div class=\"e-con-inner\">\n\t\t\t\t<div class=\"elementor-element elementor-element-b2cbfb3 elementor-widget elementor-widget-heading\" data-id=\"b2cbfb3\" data-element_type=\"widget\" data-widget_type=\"heading.default\">\n\t\t\t\t<div class=\"elementor-widget-container\">\n\t\t\t\t\t<h4 class=\"elementor-heading-title elementor-size-default\">Productos y Servicios  <\/h4>\t\t\t\t<\/div>\n\t\t\t\t<\/div>\n\t\t\t\t\t<\/div>\n\t\t\t\t<\/div>\n\t\t<div class=\"elementor-element elementor-element-0344b93 e-flex e-con-boxed e-con e-parent\" data-id=\"0344b93\" data-element_type=\"container\">\n\t\t\t\t\t<div class=\"e-con-inner\">\n\t\t<div class=\"elementor-element elementor-element-70f4cb0 e-con-full e-flex e-con e-child\" data-id=\"70f4cb0\" data-element_type=\"container\">\n\t\t\t\t<div class=\"elementor-element elementor-element-7ad1311 elementor-widget elementor-widget-text-editor\" data-id=\"7ad1311\" data-element_type=\"widget\" data-widget_type=\"text-editor.default\">\n\t\t\t\t<div class=\"elementor-widget-container\">\n\t\t\t\t\t\t\t\t\t<p><strong>Pedidos y cosas a la venta <br \/><\/strong><\/p><p>Delantales, manteles, ropa y mucho m\u00e1s<\/p>\t\t\t\t\t\t\t\t<\/div>\n\t\t\t\t<\/div>\n\t\t\t\t<\/div>\n\t\t<div class=\"elementor-element elementor-element-1486ca7 e-con-full e-flex e-con e-child\" data-id=\"1486ca7\" data-element_type=\"container\">\n\t\t\t\t<div class=\"elementor-element elementor-element-37b5550 elementor-widget elementor-widget-text-editor\" data-id=\"37b5550\" data-element_type=\"widget\" data-widget_type=\"text-editor.default\">\n\t\t\t\t<div class=\"elementor-widget-container\">\n\t\t\t\t\t\t\t\t\t<p><strong>Costura y reparaciones<\/strong><\/p><p>Erika adopta un enfoque sostenible. Busca reparar las cosas y dar una nueva vida a su ropa.<\/p>\t\t\t\t\t\t\t\t<\/div>\n\t\t\t\t<\/div>\n\t\t\t\t<\/div>\n\t\t\t\t\t<\/div>\n\t\t\t\t<\/div>\n\t\t<div class=\"elementor-element elementor-element-3d6c76b e-flex e-con-boxed e-con e-parent\" data-id=\"3d6c76b\" data-element_type=\"container\">\n\t\t\t\t\t<div class=\"e-con-inner\">\n\t\t<div class=\"elementor-element elementor-element-e8b6c0d e-con-full e-flex e-con e-child\" data-id=\"e8b6c0d\" data-element_type=\"container\">\n\t\t\t\t<div class=\"elementor-element elementor-element-f132331 elementor-widget elementor-widget-image\" data-id=\"f132331\" data-element_type=\"widget\" data-widget_type=\"image.default\">\n\t\t\t\t<div class=\"elementor-widget-container\">\n\t\t\t\t\t\t\t\t\t\t\t\t\t\t\t<img decoding=\"async\" width=\"1024\" height=\"1024\" src=\"https:\/\/www.dota.go.cr\/ViveDota\/wp-content\/uploads\/2025\/07\/Design-ohne-Titel-93-1024x1024.png\" class=\"attachment-large size-large wp-image-3468\" alt=\"\" srcset=\"https:\/\/www.dota.go.cr\/ViveDota\/wp-content\/uploads\/2025\/07\/Design-ohne-Titel-93-1024x1024.png 1024w, https:\/\/www.dota.go.cr\/ViveDota\/wp-content\/uploads\/2025\/07\/Design-ohne-Titel-93-300x300.png 300w, https:\/\/www.dota.go.cr\/ViveDota\/wp-content\/uploads\/2025\/07\/Design-ohne-Titel-93-150x150.png 150w, https:\/\/www.dota.go.cr\/ViveDota\/wp-content\/uploads\/2025\/07\/Design-ohne-Titel-93-768x768.png 768w, https:\/\/www.dota.go.cr\/ViveDota\/wp-content\/uploads\/2025\/07\/Design-ohne-Titel-93.png 1500w\" sizes=\"(max-width: 1024px) 100vw, 1024px\" \/>\t\t\t\t\t\t\t\t\t\t\t\t\t\t\t<\/div>\n\t\t\t\t<\/div>\n\t\t\t\t<div class=\"elementor-element elementor-element-03990c3 elementor-widget elementor-widget-image\" data-id=\"03990c3\" data-element_type=\"widget\" data-widget_type=\"image.default\">\n\t\t\t\t<div class=\"elementor-widget-container\">\n\t\t\t\t\t\t\t\t\t\t\t\t\t\t\t<img loading=\"lazy\" decoding=\"async\" width=\"1024\" height=\"1024\" src=\"https:\/\/www.dota.go.cr\/ViveDota\/wp-content\/uploads\/2025\/07\/Design-ohne-Titel-94-1024x1024.png\" class=\"attachment-large size-large wp-image-3470\" alt=\"\" srcset=\"https:\/\/www.dota.go.cr\/ViveDota\/wp-content\/uploads\/2025\/07\/Design-ohne-Titel-94-1024x1024.png 1024w, https:\/\/www.dota.go.cr\/ViveDota\/wp-content\/uploads\/2025\/07\/Design-ohne-Titel-94-300x300.png 300w, https:\/\/www.dota.go.cr\/ViveDota\/wp-content\/uploads\/2025\/07\/Design-ohne-Titel-94-150x150.png 150w, https:\/\/www.dota.go.cr\/ViveDota\/wp-content\/uploads\/2025\/07\/Design-ohne-Titel-94-768x768.png 768w, https:\/\/www.dota.go.cr\/ViveDota\/wp-content\/uploads\/2025\/07\/Design-ohne-Titel-94.png 1500w\" sizes=\"(max-width: 1024px) 100vw, 1024px\" \/>\t\t\t\t\t\t\t\t\t\t\t\t\t\t\t<\/div>\n\t\t\t\t<\/div>\n\t\t\t\t<div class=\"elementor-element elementor-element-6139432 elementor-widget elementor-widget-image\" data-id=\"6139432\" data-element_type=\"widget\" data-widget_type=\"image.default\">\n\t\t\t\t<div class=\"elementor-widget-container\">\n\t\t\t\t\t\t\t\t\t\t\t\t\t\t\t<img loading=\"lazy\" decoding=\"async\" width=\"1024\" height=\"1024\" src=\"https:\/\/www.dota.go.cr\/ViveDota\/wp-content\/uploads\/2025\/07\/Design-ohne-Titel-95-1024x1024.png\" class=\"attachment-large size-large wp-image-3471\" alt=\"\" srcset=\"https:\/\/www.dota.go.cr\/ViveDota\/wp-content\/uploads\/2025\/07\/Design-ohne-Titel-95-1024x1024.png 1024w, https:\/\/www.dota.go.cr\/ViveDota\/wp-content\/uploads\/2025\/07\/Design-ohne-Titel-95-300x300.png 300w, https:\/\/www.dota.go.cr\/ViveDota\/wp-content\/uploads\/2025\/07\/Design-ohne-Titel-95-150x150.png 150w, https:\/\/www.dota.go.cr\/ViveDota\/wp-content\/uploads\/2025\/07\/Design-ohne-Titel-95-768x768.png 768w, https:\/\/www.dota.go.cr\/ViveDota\/wp-content\/uploads\/2025\/07\/Design-ohne-Titel-95.png 1500w\" sizes=\"(max-width: 1024px) 100vw, 1024px\" \/>\t\t\t\t\t\t\t\t\t\t\t\t\t\t\t<\/div>\n\t\t\t\t<\/div>\n\t\t\t\t<\/div>\n\t\t\t\t\t<\/div>\n\t\t\t\t<\/div>\n\t\t<div class=\"elementor-element elementor-element-5351f63 e-flex e-con-boxed e-con e-parent\" data-id=\"5351f63\" data-element_type=\"container\">\n\t\t\t\t\t<div class=\"e-con-inner\">\n\t\t\t\t<div class=\"elementor-element elementor-element-7ec877f elementor-widget elementor-widget-spacer\" data-id=\"7ec877f\" data-element_type=\"widget\" data-widget_type=\"spacer.default\">\n\t\t\t\t<div class=\"elementor-widget-container\">\n\t\t\t\t\t\t\t<div class=\"elementor-spacer\">\n\t\t\t<div class=\"elementor-spacer-inner\"><\/div>\n\t\t<\/div>\n\t\t\t\t\t\t<\/div>\n\t\t\t\t<\/div>\n\t\t\t\t\t<\/div>\n\t\t\t\t<\/div>\n\t\t\t\t<\/div>\n\t\t","protected":false},"excerpt":{"rendered":"<p>Creacciones de Erika +506 8974 9809 email@domain.com 400m al Oeste del Parque de Santa Mar\u00eda de Dota, Santa Mar\u00eda de [&hellip;]<\/p>\n","protected":false},"author":1,"featured_media":0,"parent":391,"menu_order":0,"comment_status":"closed","ping_status":"closed","template":"","meta":{"_acf_changed":false,"site-sidebar-layout":"no-sidebar","site-content-layout":"","ast-site-content-layout":"full-width-container","site-content-style":"default","site-sidebar-style":"default","ast-global-header-display":"","ast-banner-title-visibility":"","ast-main-header-display":"","ast-hfb-above-header-display":"","ast-hfb-below-header-display":"","ast-hfb-mobile-header-display":"","site-post-title":"disabled","ast-breadcrumbs-content":"","ast-featured-img":"disabled","footer-sml-layout":"","theme-transparent-header-meta":"","adv-header-id-meta":"","stick-header-meta":"","header-above-stick-meta":"","header-main-stick-meta":"","header-below-stick-meta":"","astra-migrate-meta-layouts":"default","ast-page-background-enabled":"default","ast-page-background-meta":{"desktop":{"background-color":"var(--ast-global-color-4)","background-image":"","background-repeat":"repeat","background-position":"center center","background-size":"auto","background-attachment":"scroll","background-type":"","background-media":"","overlay-type":"","overlay-color":"","overlay-opacity":"","overlay-gradient":""},"tablet":{"background-color":"","background-image":"","background-repeat":"repeat","background-position":"center center","background-size":"auto","background-attachment":"scroll","background-type":"","background-media":"","overlay-type":"","overlay-color":"","overlay-opacity":"","overlay-gradient":""},"mobile":{"background-color":"","background-image":"","background-repeat":"repeat","background-position":"center center","background-size":"auto","background-attachment":"scroll","background-type":"","background-media":"","overlay-type":"","overlay-color":"","overlay-opacity":"","overlay-gradient":""}},"ast-content-background-meta":{"desktop":{"background-color":"var(--ast-global-color-5)","background-image":"","background-repeat":"repeat","background-position":"center center","background-size":"auto","background-attachment":"scroll","background-type":"","background-media":"","overlay-type":"","overlay-color":"","overlay-opacity":"","overlay-gradient":""},"tablet":{"background-color":"var(--ast-global-color-5)","background-image":"","background-repeat":"repeat","background-position":"center center","background-size":"auto","background-attachment":"scroll","background-type":"","background-media":"","overlay-type":"","overlay-color":"","overlay-opacity":"","overlay-gradient":""},"mobile":{"background-color":"var(--ast-global-color-5)","background-image":"","background-repeat":"repeat","background-position":"center center","background-size":"auto","background-attachment":"scroll","background-type":"","background-media":"","overlay-type":"","overlay-color":"","overlay-opacity":"","overlay-gradient":""}},"footnotes":""},"class_list":["post-3026","page","type-page","status-publish","hentry"],"acf":[],"_links":{"self":[{"href":"https:\/\/www.dota.go.cr\/ViveDota\/wp-json\/wp\/v2\/pages\/3026","targetHints":{"allow":["GET"]}}],"collection":[{"href":"https:\/\/www.dota.go.cr\/ViveDota\/wp-json\/wp\/v2\/pages"}],"about":[{"href":"https:\/\/www.dota.go.cr\/ViveDota\/wp-json\/wp\/v2\/types\/page"}],"author":[{"embeddable":true,"href":"https:\/\/www.dota.go.cr\/ViveDota\/wp-json\/wp\/v2\/users\/1"}],"replies":[{"embeddable":true,"href":"https:\/\/www.dota.go.cr\/ViveDota\/wp-json\/wp\/v2\/comments?post=3026"}],"version-history":[{"count":28,"href":"https:\/\/www.dota.go.cr\/ViveDota\/wp-json\/wp\/v2\/pages\/3026\/revisions"}],"predecessor-version":[{"id":3862,"href":"https:\/\/www.dota.go.cr\/ViveDota\/wp-json\/wp\/v2\/pages\/3026\/revisions\/3862"}],"up":[{"embeddable":true,"href":"https:\/\/www.dota.go.cr\/ViveDota\/wp-json\/wp\/v2\/pages\/391"}],"wp:attachment":[{"href":"https:\/\/www.dota.go.cr\/ViveDota\/wp-json\/wp\/v2\/media?parent=3026"}],"curies":[{"name":"wp","href":"https:\/\/api.w.org\/{rel}","templated":true}]}}