{"id":4031,"date":"2025-07-25T00:02:18","date_gmt":"2025-07-25T00:02:18","guid":{"rendered":"https:\/\/www.dota.go.cr\/ViveDota\/?page_id=4031"},"modified":"2025-07-25T09:46:46","modified_gmt":"2025-07-25T09:46:46","slug":"3-01-score","status":"publish","type":"page","link":"https:\/\/www.dota.go.cr\/ViveDota\/02-producers\/3-01-score\/","title":{"rendered":"3.01 Score"},"content":{"rendered":"\t\t<div data-elementor-type=\"wp-page\" data-elementor-id=\"4031\" class=\"elementor elementor-4031\">\n\t\t\t\t<div class=\"elementor-element elementor-element-40a6d2e e-flex e-con-boxed e-con e-parent\" data-id=\"40a6d2e\" data-element_type=\"container\">\n\t\t\t\t\t<div class=\"e-con-inner\">\n\t\t<div class=\"elementor-element elementor-element-020327f e-con-full e-flex e-con e-child\" data-id=\"020327f\" data-element_type=\"container\">\n\t\t\t\t<div class=\"elementor-element elementor-element-f0141e9 elementor-widget elementor-widget-heading\" data-id=\"f0141e9\" data-element_type=\"widget\" data-widget_type=\"heading.default\">\n\t\t\t\t<div class=\"elementor-widget-container\">\n\t\t\t\t\t<h2 class=\"elementor-heading-title elementor-size-default\">El proyecto sCoRe<\/h2>\t\t\t\t<\/div>\n\t\t\t\t<\/div>\n\t\t\t\t<\/div>\n\t\t\t\t\t<\/div>\n\t\t\t\t<\/div>\n\t\t<div class=\"elementor-element elementor-element-6a633b3 e-flex e-con-boxed e-con e-parent\" data-id=\"6a633b3\" data-element_type=\"container\">\n\t\t\t\t\t<div class=\"e-con-inner\">\n\t\t<div class=\"elementor-element elementor-element-1cad0cf e-con-full e-flex e-con e-child\" data-id=\"1cad0cf\" data-element_type=\"container\">\n\t\t\t\t<div class=\"elementor-element elementor-element-b652694 elementor-widget elementor-widget-heading\" data-id=\"b652694\" data-element_type=\"widget\" data-widget_type=\"heading.default\">\n\t\t\t\t<div class=\"elementor-widget-container\">\n\t\t\t\t\t<h4 class=\"elementor-heading-title elementor-size-default\">\u00bfQu\u00e9 es?<\/h4>\t\t\t\t<\/div>\n\t\t\t\t<\/div>\n\t\t\t\t<\/div>\n\t\t\t\t\t<\/div>\n\t\t\t\t<\/div>\n\t\t<div class=\"elementor-element elementor-element-c54eebe e-flex e-con-boxed e-con e-parent\" data-id=\"c54eebe\" data-element_type=\"container\">\n\t\t\t\t\t<div class=\"e-con-inner\">\n\t\t<div class=\"elementor-element elementor-element-4238dfd e-con-full e-flex e-con e-child\" data-id=\"4238dfd\" data-element_type=\"container\">\n\t\t\t\t<div class=\"elementor-element elementor-element-4e7d80d elementor-widget__width-inherit elementor-widget elementor-widget-text-editor\" data-id=\"4e7d80d\" data-element_type=\"widget\" data-widget_type=\"text-editor.default\">\n\t\t\t\t<div class=\"elementor-widget-container\">\n\t\t\t\t\t\t\t\t\t<p data-start=\"70\" data-end=\"88\">\u00a0sCoRe \u2013 acr\u00f3nimo de <em data-start=\"110\" data-end=\"166\">Sustainable Communities through Rural Entrepreneurship<\/em> \u2013 es un programa internacional de formaci\u00f3n y desarrollo que se dedica a la promoci\u00f3n del desarrollo sostenible en zonas rurales. En el centro del programa se encuentra la colaboraci\u00f3n entre estudiantes de Alemania y Costa Rica, as\u00ed como emprendedores y emprendedoras locales en comunidades seleccionadas de las regiones rurales de Costa Rica.<\/p><p data-start=\"512\" data-end=\"1068\">El programa surge de una alianza entre la Universidad de Osnabr\u00fcck (Alemania) y la Universidad Nacional de Costa Rica. Combina el aprendizaje acad\u00e9mico con la aplicaci\u00f3n pr\u00e1ctica en el terreno. Su objetivo es generar nuevas perspectivas para el crecimiento social y econ\u00f3mico mediante el intercambio intercultural, el trabajo conjunto en proyectos y el aprendizaje mutuo. No se trata \u00fanicamente de fomentar competencias emprendedoras, sino tambi\u00e9n de construir confianza, comprensi\u00f3n cultural y relaciones sostenibles entre todas las personas involucradas.<\/p>\t\t\t\t\t\t\t\t<\/div>\n\t\t\t\t<\/div>\n\t\t\t\t<\/div>\n\t\t\t\t\t<\/div>\n\t\t\t\t<\/div>\n\t\t<div class=\"elementor-element elementor-element-7b0b357 e-flex e-con-boxed e-con e-parent\" data-id=\"7b0b357\" data-element_type=\"container\">\n\t\t\t\t\t<div class=\"e-con-inner\">\n\t\t<div class=\"elementor-element elementor-element-5b11639 e-con-full e-flex e-con e-child\" data-id=\"5b11639\" data-element_type=\"container\">\n\t\t\t\t<div class=\"elementor-element elementor-element-7f4b08d elementor-widget elementor-widget-image\" data-id=\"7f4b08d\" data-element_type=\"widget\" data-widget_type=\"image.default\">\n\t\t\t\t<div class=\"elementor-widget-container\">\n\t\t\t\t\t\t\t\t\t\t\t\t\t\t\t<img fetchpriority=\"high\" decoding=\"async\" width=\"1024\" height=\"1024\" src=\"https:\/\/www.dota.go.cr\/ViveDota\/wp-content\/uploads\/2025\/07\/Productores-Sobre-nosotr@s-Excursiones-Noticias-Activitividades-Participar-34-1024x1024.png\" class=\"attachment-large size-large wp-image-4082\" alt=\"\" srcset=\"https:\/\/www.dota.go.cr\/ViveDota\/wp-content\/uploads\/2025\/07\/Productores-Sobre-nosotr@s-Excursiones-Noticias-Activitividades-Participar-34-1024x1024.png 1024w, https:\/\/www.dota.go.cr\/ViveDota\/wp-content\/uploads\/2025\/07\/Productores-Sobre-nosotr@s-Excursiones-Noticias-Activitividades-Participar-34-300x300.png 300w, https:\/\/www.dota.go.cr\/ViveDota\/wp-content\/uploads\/2025\/07\/Productores-Sobre-nosotr@s-Excursiones-Noticias-Activitividades-Participar-34-150x150.png 150w, https:\/\/www.dota.go.cr\/ViveDota\/wp-content\/uploads\/2025\/07\/Productores-Sobre-nosotr@s-Excursiones-Noticias-Activitividades-Participar-34-768x768.png 768w, https:\/\/www.dota.go.cr\/ViveDota\/wp-content\/uploads\/2025\/07\/Productores-Sobre-nosotr@s-Excursiones-Noticias-Activitividades-Participar-34-1536x1536.png 1536w, https:\/\/www.dota.go.cr\/ViveDota\/wp-content\/uploads\/2025\/07\/Productores-Sobre-nosotr@s-Excursiones-Noticias-Activitividades-Participar-34.png 2000w\" sizes=\"(max-width: 1024px) 100vw, 1024px\" \/>\t\t\t\t\t\t\t\t\t\t\t\t\t\t\t<\/div>\n\t\t\t\t<\/div>\n\t\t\t\t<div class=\"elementor-element elementor-element-4d91fa6 elementor-widget elementor-widget-image\" data-id=\"4d91fa6\" data-element_type=\"widget\" data-widget_type=\"image.default\">\n\t\t\t\t<div class=\"elementor-widget-container\">\n\t\t\t\t\t\t\t\t\t\t\t\t\t\t\t<img decoding=\"async\" width=\"1024\" height=\"1024\" src=\"https:\/\/www.dota.go.cr\/ViveDota\/wp-content\/uploads\/2025\/07\/Productores-Sobre-nosotr@s-Excursiones-Noticias-Activitividades-Participar-36-1024x1024.png\" class=\"attachment-large size-large wp-image-4095\" alt=\"\" srcset=\"https:\/\/www.dota.go.cr\/ViveDota\/wp-content\/uploads\/2025\/07\/Productores-Sobre-nosotr@s-Excursiones-Noticias-Activitividades-Participar-36-1024x1024.png 1024w, https:\/\/www.dota.go.cr\/ViveDota\/wp-content\/uploads\/2025\/07\/Productores-Sobre-nosotr@s-Excursiones-Noticias-Activitividades-Participar-36-300x300.png 300w, https:\/\/www.dota.go.cr\/ViveDota\/wp-content\/uploads\/2025\/07\/Productores-Sobre-nosotr@s-Excursiones-Noticias-Activitividades-Participar-36-150x150.png 150w, https:\/\/www.dota.go.cr\/ViveDota\/wp-content\/uploads\/2025\/07\/Productores-Sobre-nosotr@s-Excursiones-Noticias-Activitividades-Participar-36-768x768.png 768w, https:\/\/www.dota.go.cr\/ViveDota\/wp-content\/uploads\/2025\/07\/Productores-Sobre-nosotr@s-Excursiones-Noticias-Activitividades-Participar-36-1536x1536.png 1536w, https:\/\/www.dota.go.cr\/ViveDota\/wp-content\/uploads\/2025\/07\/Productores-Sobre-nosotr@s-Excursiones-Noticias-Activitividades-Participar-36.png 2000w\" sizes=\"(max-width: 1024px) 100vw, 1024px\" \/>\t\t\t\t\t\t\t\t\t\t\t\t\t\t\t<\/div>\n\t\t\t\t<\/div>\n\t\t\t\t<div class=\"elementor-element elementor-element-beff531 elementor-widget elementor-widget-image\" data-id=\"beff531\" data-element_type=\"widget\" data-widget_type=\"image.default\">\n\t\t\t\t<div class=\"elementor-widget-container\">\n\t\t\t\t\t\t\t\t\t\t\t\t\t\t\t<img decoding=\"async\" width=\"1024\" height=\"1024\" src=\"https:\/\/www.dota.go.cr\/ViveDota\/wp-content\/uploads\/2025\/07\/Productores-Sobre-nosotr@s-Excursiones-Noticias-Activitividades-Participar-33-1024x1024.png\" class=\"attachment-large size-large wp-image-4083\" alt=\"\" srcset=\"https:\/\/www.dota.go.cr\/ViveDota\/wp-content\/uploads\/2025\/07\/Productores-Sobre-nosotr@s-Excursiones-Noticias-Activitividades-Participar-33-1024x1024.png 1024w, https:\/\/www.dota.go.cr\/ViveDota\/wp-content\/uploads\/2025\/07\/Productores-Sobre-nosotr@s-Excursiones-Noticias-Activitividades-Participar-33-300x300.png 300w, https:\/\/www.dota.go.cr\/ViveDota\/wp-content\/uploads\/2025\/07\/Productores-Sobre-nosotr@s-Excursiones-Noticias-Activitividades-Participar-33-150x150.png 150w, https:\/\/www.dota.go.cr\/ViveDota\/wp-content\/uploads\/2025\/07\/Productores-Sobre-nosotr@s-Excursiones-Noticias-Activitividades-Participar-33-768x768.png 768w, https:\/\/www.dota.go.cr\/ViveDota\/wp-content\/uploads\/2025\/07\/Productores-Sobre-nosotr@s-Excursiones-Noticias-Activitividades-Participar-33-1536x1536.png 1536w, https:\/\/www.dota.go.cr\/ViveDota\/wp-content\/uploads\/2025\/07\/Productores-Sobre-nosotr@s-Excursiones-Noticias-Activitividades-Participar-33.png 2000w\" sizes=\"(max-width: 1024px) 100vw, 1024px\" \/>\t\t\t\t\t\t\t\t\t\t\t\t\t\t\t<\/div>\n\t\t\t\t<\/div>\n\t\t\t\t<\/div>\n\t\t\t\t\t<\/div>\n\t\t\t\t<\/div>\n\t\t<div class=\"elementor-element elementor-element-a75cb3b e-flex e-con-boxed e-con e-parent\" data-id=\"a75cb3b\" data-element_type=\"container\">\n\t\t\t\t\t<div class=\"e-con-inner\">\n\t\t\t\t<div class=\"elementor-element elementor-element-314d0c4 elementor-widget elementor-widget-spacer\" data-id=\"314d0c4\" data-element_type=\"widget\" data-widget_type=\"spacer.default\">\n\t\t\t\t<div class=\"elementor-widget-container\">\n\t\t\t\t\t\t\t<div class=\"elementor-spacer\">\n\t\t\t<div class=\"elementor-spacer-inner\"><\/div>\n\t\t<\/div>\n\t\t\t\t\t\t<\/div>\n\t\t\t\t<\/div>\n\t\t\t\t\t<\/div>\n\t\t\t\t<\/div>\n\t\t<div class=\"elementor-element elementor-element-991e310 e-flex e-con-boxed e-con e-parent\" data-id=\"991e310\" data-element_type=\"container\">\n\t\t\t\t\t<div class=\"e-con-inner\">\n\t\t\t\t<div class=\"elementor-element elementor-element-a63c541 elementor-widget-divider--view-line elementor-widget elementor-widget-divider\" data-id=\"a63c541\" data-element_type=\"widget\" data-widget_type=\"divider.default\">\n\t\t\t\t<div class=\"elementor-widget-container\">\n\t\t\t\t\t\t\t<div class=\"elementor-divider\">\n\t\t\t<span class=\"elementor-divider-separator\">\n\t\t\t\t\t\t<\/span>\n\t\t<\/div>\n\t\t\t\t\t\t<\/div>\n\t\t\t\t<\/div>\n\t\t\t\t<div class=\"elementor-element elementor-element-c1adf81 elementor-widget elementor-widget-text-editor\" data-id=\"c1adf81\" data-element_type=\"widget\" data-widget_type=\"text-editor.default\">\n\t\t\t\t<div class=\"elementor-widget-container\">\n\t\t\t\t\t\t\t\t\t<p><b><span style=\"white-space-collapse: preserve; font-size: 1rem;\">&#8220;La labor en el proyecto es muy gratificante. Las personas productoras locales expresan abiertamente su agradecimiento por el apoyo brindado, as\u00ed como por la visibilidad tanto en l\u00ednea como en el lugar.&#8221;<\/span><span style=\"white-space-collapse: preserve;\">\u00a0<\/span><\/b><\/p>\t\t\t\t\t\t\t\t<\/div>\n\t\t\t\t<\/div>\n\t\t\t\t<div class=\"elementor-element elementor-element-926d4d4 elementor-widget-divider--view-line elementor-widget elementor-widget-divider\" data-id=\"926d4d4\" data-element_type=\"widget\" data-widget_type=\"divider.default\">\n\t\t\t\t<div class=\"elementor-widget-container\">\n\t\t\t\t\t\t\t<div class=\"elementor-divider\">\n\t\t\t<span class=\"elementor-divider-separator\">\n\t\t\t\t\t\t<\/span>\n\t\t<\/div>\n\t\t\t\t\t\t<\/div>\n\t\t\t\t<\/div>\n\t\t\t\t\t<\/div>\n\t\t\t\t<\/div>\n\t\t<div class=\"elementor-element elementor-element-5c2a29e e-flex e-con-boxed e-con e-parent\" data-id=\"5c2a29e\" data-element_type=\"container\">\n\t\t\t\t\t<div class=\"e-con-inner\">\n\t\t\t\t<div class=\"elementor-element elementor-element-f855f67 elementor-widget elementor-widget-spacer\" data-id=\"f855f67\" data-element_type=\"widget\" data-widget_type=\"spacer.default\">\n\t\t\t\t<div class=\"elementor-widget-container\">\n\t\t\t\t\t\t\t<div class=\"elementor-spacer\">\n\t\t\t<div class=\"elementor-spacer-inner\"><\/div>\n\t\t<\/div>\n\t\t\t\t\t\t<\/div>\n\t\t\t\t<\/div>\n\t\t\t\t\t<\/div>\n\t\t\t\t<\/div>\n\t\t<div class=\"elementor-element elementor-element-d966e13 e-flex e-con-boxed e-con e-parent\" data-id=\"d966e13\" data-element_type=\"container\">\n\t\t\t\t\t<div class=\"e-con-inner\">\n\t\t<div class=\"elementor-element elementor-element-49e0f35 e-con-full e-flex e-con e-child\" data-id=\"49e0f35\" data-element_type=\"container\">\n\t\t\t\t<div class=\"elementor-element elementor-element-7b77749 elementor-widget elementor-widget-image\" data-id=\"7b77749\" data-element_type=\"widget\" data-widget_type=\"image.default\">\n\t\t\t\t<div class=\"elementor-widget-container\">\n\t\t\t\t\t\t\t\t\t\t\t\t\t\t\t<img loading=\"lazy\" decoding=\"async\" width=\"1024\" height=\"1024\" src=\"https:\/\/www.dota.go.cr\/ViveDota\/wp-content\/uploads\/2025\/07\/Productores-Sobre-nosotr@s-Excursiones-Noticias-Activitividades-Participar-35-1024x1024.png\" class=\"attachment-large size-large wp-image-4081\" alt=\"\" srcset=\"https:\/\/www.dota.go.cr\/ViveDota\/wp-content\/uploads\/2025\/07\/Productores-Sobre-nosotr@s-Excursiones-Noticias-Activitividades-Participar-35-1024x1024.png 1024w, https:\/\/www.dota.go.cr\/ViveDota\/wp-content\/uploads\/2025\/07\/Productores-Sobre-nosotr@s-Excursiones-Noticias-Activitividades-Participar-35-300x300.png 300w, https:\/\/www.dota.go.cr\/ViveDota\/wp-content\/uploads\/2025\/07\/Productores-Sobre-nosotr@s-Excursiones-Noticias-Activitividades-Participar-35-150x150.png 150w, https:\/\/www.dota.go.cr\/ViveDota\/wp-content\/uploads\/2025\/07\/Productores-Sobre-nosotr@s-Excursiones-Noticias-Activitividades-Participar-35-768x768.png 768w, https:\/\/www.dota.go.cr\/ViveDota\/wp-content\/uploads\/2025\/07\/Productores-Sobre-nosotr@s-Excursiones-Noticias-Activitividades-Participar-35-1536x1536.png 1536w, https:\/\/www.dota.go.cr\/ViveDota\/wp-content\/uploads\/2025\/07\/Productores-Sobre-nosotr@s-Excursiones-Noticias-Activitividades-Participar-35.png 2000w\" sizes=\"(max-width: 1024px) 100vw, 1024px\" \/>\t\t\t\t\t\t\t\t\t\t\t\t\t\t\t<\/div>\n\t\t\t\t<\/div>\n\t\t\t\t<\/div>\n\t\t\t\t<div class=\"elementor-element elementor-element-292c5a6 elementor-widget elementor-widget-spacer\" data-id=\"292c5a6\" data-element_type=\"widget\" data-widget_type=\"spacer.default\">\n\t\t\t\t<div class=\"elementor-widget-container\">\n\t\t\t\t\t\t\t<div class=\"elementor-spacer\">\n\t\t\t<div class=\"elementor-spacer-inner\"><\/div>\n\t\t<\/div>\n\t\t\t\t\t\t<\/div>\n\t\t\t\t<\/div>\n\t\t<div class=\"elementor-element elementor-element-e2bcd2e e-con-full e-flex e-con e-child\" data-id=\"e2bcd2e\" data-element_type=\"container\">\n\t\t\t\t<div class=\"elementor-element elementor-element-95a920d elementor-widget elementor-widget-text-editor\" data-id=\"95a920d\" data-element_type=\"widget\" data-widget_type=\"text-editor.default\">\n\t\t\t\t<div class=\"elementor-widget-container\">\n\t\t\t\t\t\t\t\t\t<p data-start=\"1070\" data-end=\"1591\">Los y las estudiantes aportan conocimientos provenientes de diversas disciplinas como administraci\u00f3n de empresas, desarrollo web, an\u00e1lisis de datos o ciencias sociales a la colaboraci\u00f3n con negocios locales. Al mismo tiempo, aprenden sobre las realidades culturales, ecol\u00f3gicas y econ\u00f3micas de las regiones en las que trabajan. Esta combinaci\u00f3n de intercambio de saberes y trabajo pr\u00e1ctico no solo busca fortalecer a las empresas locales, sino tambi\u00e9n contribuir, a largo plazo, al desarrollo integral de las comunidades.<\/p><p data-start=\"1070\" data-end=\"1591\"><span style=\"font-style: inherit; font-weight: inherit;\">sCoRe se concibe como una plataforma para la cooperaci\u00f3n basada en la equidad y la sostenibilidad. El programa promueve el aprendizaje mutuo, el desarrollo conjunto de soluciones y la creaci\u00f3n de puentes entre distintas realidades de vida, con el objetivo de fomentar los potenciales locales y asumir una responsabilidad global activa.\u00a0<\/span><\/p>\t\t\t\t\t\t\t\t<\/div>\n\t\t\t\t<\/div>\n\t\t\t\t<\/div>\n\t\t\t\t\t<\/div>\n\t\t\t\t<\/div>\n\t\t<div class=\"elementor-element elementor-element-4e8ede9 e-flex e-con-boxed e-con e-parent\" data-id=\"4e8ede9\" data-element_type=\"container\">\n\t\t\t\t\t<div class=\"e-con-inner\">\n\t\t\t\t<div class=\"elementor-element elementor-element-4444e3a elementor-widget elementor-widget-spacer\" data-id=\"4444e3a\" data-element_type=\"widget\" data-widget_type=\"spacer.default\">\n\t\t\t\t<div class=\"elementor-widget-container\">\n\t\t\t\t\t\t\t<div class=\"elementor-spacer\">\n\t\t\t<div class=\"elementor-spacer-inner\"><\/div>\n\t\t<\/div>\n\t\t\t\t\t\t<\/div>\n\t\t\t\t<\/div>\n\t\t\t\t\t<\/div>\n\t\t\t\t<\/div>\n\t\t<div class=\"elementor-element elementor-element-b472de9 e-flex e-con-boxed e-con e-parent\" data-id=\"b472de9\" data-element_type=\"container\">\n\t\t\t\t\t<div class=\"e-con-inner\">\n\t\t<div class=\"elementor-element elementor-element-31d3fe2 e-con-full e-flex e-con e-child\" data-id=\"31d3fe2\" data-element_type=\"container\">\n\t\t\t\t<div class=\"elementor-element elementor-element-fa671bb elementor-widget elementor-widget-image\" data-id=\"fa671bb\" data-element_type=\"widget\" data-widget_type=\"image.default\">\n\t\t\t\t<div class=\"elementor-widget-container\">\n\t\t\t\t\t\t\t\t\t\t\t\t\t\t\t\t<a href=\"https:\/\/www.uni-osnabrueck.de\/\">\n\t\t\t\t\t\t\t<img loading=\"lazy\" decoding=\"async\" width=\"1024\" height=\"1024\" src=\"https:\/\/www.dota.go.cr\/ViveDota\/wp-content\/uploads\/2025\/05\/Design-ohne-Titel-41-1024x1024.png\" class=\"attachment-large size-large wp-image-1122\" alt=\"\" srcset=\"https:\/\/www.dota.go.cr\/ViveDota\/wp-content\/uploads\/2025\/05\/Design-ohne-Titel-41-1024x1024.png 1024w, https:\/\/www.dota.go.cr\/ViveDota\/wp-content\/uploads\/2025\/05\/Design-ohne-Titel-41-300x300.png 300w, https:\/\/www.dota.go.cr\/ViveDota\/wp-content\/uploads\/2025\/05\/Design-ohne-Titel-41-150x150.png 150w, https:\/\/www.dota.go.cr\/ViveDota\/wp-content\/uploads\/2025\/05\/Design-ohne-Titel-41-768x768.png 768w, https:\/\/www.dota.go.cr\/ViveDota\/wp-content\/uploads\/2025\/05\/Design-ohne-Titel-41.png 1080w\" sizes=\"(max-width: 1024px) 100vw, 1024px\" \/>\t\t\t\t\t\t\t\t<\/a>\n\t\t\t\t\t\t\t\t\t\t\t\t\t\t\t<\/div>\n\t\t\t\t<\/div>\n\t\t\t\t<div class=\"elementor-element elementor-element-0eb22c5 elementor-widget elementor-widget-image\" data-id=\"0eb22c5\" data-element_type=\"widget\" data-widget_type=\"image.default\">\n\t\t\t\t<div class=\"elementor-widget-container\">\n\t\t\t\t\t\t\t\t\t\t\t\t\t\t\t\t<a href=\"https:\/\/www.una.ac.cr\/\">\n\t\t\t\t\t\t\t<img loading=\"lazy\" decoding=\"async\" width=\"1024\" height=\"1024\" src=\"https:\/\/www.dota.go.cr\/ViveDota\/wp-content\/uploads\/2025\/05\/Design-ohne-Titel-40-1024x1024.png\" class=\"attachment-large size-large wp-image-1121\" alt=\"\" srcset=\"https:\/\/www.dota.go.cr\/ViveDota\/wp-content\/uploads\/2025\/05\/Design-ohne-Titel-40-1024x1024.png 1024w, https:\/\/www.dota.go.cr\/ViveDota\/wp-content\/uploads\/2025\/05\/Design-ohne-Titel-40-300x300.png 300w, https:\/\/www.dota.go.cr\/ViveDota\/wp-content\/uploads\/2025\/05\/Design-ohne-Titel-40-150x150.png 150w, https:\/\/www.dota.go.cr\/ViveDota\/wp-content\/uploads\/2025\/05\/Design-ohne-Titel-40-768x768.png 768w, https:\/\/www.dota.go.cr\/ViveDota\/wp-content\/uploads\/2025\/05\/Design-ohne-Titel-40.png 1080w\" sizes=\"(max-width: 1024px) 100vw, 1024px\" \/>\t\t\t\t\t\t\t\t<\/a>\n\t\t\t\t\t\t\t\t\t\t\t\t\t\t\t<\/div>\n\t\t\t\t<\/div>\n\t\t\t\t<\/div>\n\t\t<div class=\"elementor-element elementor-element-465b1f8 e-con-full e-flex e-con e-child\" data-id=\"465b1f8\" data-element_type=\"container\">\n\t\t\t\t<div class=\"elementor-element elementor-element-5f3af89 elementor-widget elementor-widget-text-editor\" data-id=\"5f3af89\" data-element_type=\"widget\" data-widget_type=\"text-editor.default\">\n\t\t\t\t<div class=\"elementor-widget-container\">\n\t\t\t\t\t\t\t\t\t<p data-start=\"1070\" data-end=\"1591\"><br \/>Este sitio web, con todos sus contenidos, elementos visuales y estructura t\u00e9cnica, fue desarrollado en el marco del proyecto sCoRe por estudiantes de la Universidad de Osnabr\u00fcck.<\/p><p data-start=\"1070\" data-end=\"1591\">Para ello, los y las estudiantes visitaron a los y las productores en sus comunidades, realizaron entrevistas y tomaron fotograf\u00edas. El material recopilado fue posteriormente procesado e integrado en el dise\u00f1o del sitio web, con el objetivo de representar de manera adecuada a Dota y a las personas que dan vida al proyecto.<\/p><p data-start=\"1070\" data-end=\"1591\">La finalidad era ofrecerles una presencia profesional en l\u00ednea que los apoye en su desarrollo y les abra nuevas posibilidades de crecimiento y conexi\u00f3n.<\/p>\t\t\t\t\t\t\t\t<\/div>\n\t\t\t\t<\/div>\n\t\t\t\t<\/div>\n\t\t\t\t\t<\/div>\n\t\t\t\t<\/div>\n\t\t<div class=\"elementor-element elementor-element-22c5e07 e-flex e-con-boxed e-con e-parent\" data-id=\"22c5e07\" data-element_type=\"container\">\n\t\t\t\t\t<div class=\"e-con-inner\">\n\t\t\t\t<div class=\"elementor-element elementor-element-a74bc1e elementor-widget elementor-widget-spacer\" data-id=\"a74bc1e\" data-element_type=\"widget\" data-widget_type=\"spacer.default\">\n\t\t\t\t<div class=\"elementor-widget-container\">\n\t\t\t\t\t\t\t<div class=\"elementor-spacer\">\n\t\t\t<div class=\"elementor-spacer-inner\"><\/div>\n\t\t<\/div>\n\t\t\t\t\t\t<\/div>\n\t\t\t\t<\/div>\n\t\t\t\t\t<\/div>\n\t\t\t\t<\/div>\n\t\t\t\t<\/div>\n\t\t","protected":false},"excerpt":{"rendered":"<p>El proyecto sCoRe \u00bfQu\u00e9 es? \u00a0sCoRe \u2013 acr\u00f3nimo de Sustainable Communities through Rural Entrepreneurship \u2013 es un programa internacional de [&hellip;]<\/p>\n","protected":false},"author":1,"featured_media":0,"parent":391,"menu_order":0,"comment_status":"closed","ping_status":"closed","template":"","meta":{"_acf_changed":false,"site-sidebar-layout":"no-sidebar","site-content-layout":"","ast-site-content-layout":"full-width-container","site-content-style":"default","site-sidebar-style":"default","ast-global-header-display":"","ast-banner-title-visibility":"","ast-main-header-display":"","ast-hfb-above-header-display":"","ast-hfb-below-header-display":"","ast-hfb-mobile-header-display":"","site-post-title":"disabled","ast-breadcrumbs-content":"","ast-featured-img":"disabled","footer-sml-layout":"","theme-transparent-header-meta":"","adv-header-id-meta":"","stick-header-meta":"","header-above-stick-meta":"","header-main-stick-meta":"","header-below-stick-meta":"","astra-migrate-meta-layouts":"default","ast-page-background-enabled":"default","ast-page-background-meta":{"desktop":{"background-color":"var(--ast-global-color-4)","background-image":"","background-repeat":"repeat","background-position":"center center","background-size":"auto","background-attachment":"scroll","background-type":"","background-media":"","overlay-type":"","overlay-color":"","overlay-opacity":"","overlay-gradient":""},"tablet":{"background-color":"","background-image":"","background-repeat":"repeat","background-position":"center center","background-size":"auto","background-attachment":"scroll","background-type":"","background-media":"","overlay-type":"","overlay-color":"","overlay-opacity":"","overlay-gradient":""},"mobile":{"background-color":"","background-image":"","background-repeat":"repeat","background-position":"center center","background-size":"auto","background-attachment":"scroll","background-type":"","background-media":"","overlay-type":"","overlay-color":"","overlay-opacity":"","overlay-gradient":""}},"ast-content-background-meta":{"desktop":{"background-color":"var(--ast-global-color-5)","background-image":"","background-repeat":"repeat","background-position":"center center","background-size":"auto","background-attachment":"scroll","background-type":"","background-media":"","overlay-type":"","overlay-color":"","overlay-opacity":"","overlay-gradient":""},"tablet":{"background-color":"var(--ast-global-color-5)","background-image":"","background-repeat":"repeat","background-position":"center center","background-size":"auto","background-attachment":"scroll","background-type":"","background-media":"","overlay-type":"","overlay-color":"","overlay-opacity":"","overlay-gradient":""},"mobile":{"background-color":"var(--ast-global-color-5)","background-image":"","background-repeat":"repeat","background-position":"center center","background-size":"auto","background-attachment":"scroll","background-type":"","background-media":"","overlay-type":"","overlay-color":"","overlay-opacity":"","overlay-gradient":""}},"footnotes":""},"class_list":["post-4031","page","type-page","status-publish","hentry"],"acf":[],"_links":{"self":[{"href":"https:\/\/www.dota.go.cr\/ViveDota\/wp-json\/wp\/v2\/pages\/4031","targetHints":{"allow":["GET"]}}],"collection":[{"href":"https:\/\/www.dota.go.cr\/ViveDota\/wp-json\/wp\/v2\/pages"}],"about":[{"href":"https:\/\/www.dota.go.cr\/ViveDota\/wp-json\/wp\/v2\/types\/page"}],"author":[{"embeddable":true,"href":"https:\/\/www.dota.go.cr\/ViveDota\/wp-json\/wp\/v2\/users\/1"}],"replies":[{"embeddable":true,"href":"https:\/\/www.dota.go.cr\/ViveDota\/wp-json\/wp\/v2\/comments?post=4031"}],"version-history":[{"count":72,"href":"https:\/\/www.dota.go.cr\/ViveDota\/wp-json\/wp\/v2\/pages\/4031\/revisions"}],"predecessor-version":[{"id":4135,"href":"https:\/\/www.dota.go.cr\/ViveDota\/wp-json\/wp\/v2\/pages\/4031\/revisions\/4135"}],"up":[{"embeddable":true,"href":"https:\/\/www.dota.go.cr\/ViveDota\/wp-json\/wp\/v2\/pages\/391"}],"wp:attachment":[{"href":"https:\/\/www.dota.go.cr\/ViveDota\/wp-json\/wp\/v2\/media?parent=4031"}],"curies":[{"name":"wp","href":"https:\/\/api.w.org\/{rel}","templated":true}]}}