{"id":746,"date":"2025-05-20T18:47:51","date_gmt":"2025-05-20T18:47:51","guid":{"rendered":"https:\/\/www.dota.go.cr\/ViveDota\/?page_id=746"},"modified":"2025-07-14T00:51:44","modified_gmt":"2025-07-14T00:51:44","slug":"02-producers-2","status":"publish","type":"page","link":"https:\/\/www.dota.go.cr\/ViveDota\/02-producers-2\/","title":{"rendered":"06 Contacto"},"content":{"rendered":"\t\t<div data-elementor-type=\"wp-page\" data-elementor-id=\"746\" class=\"elementor elementor-746\">\n\t\t\t\t<div class=\"elementor-element elementor-element-b68abf3 e-flex e-con-boxed e-con e-parent\" data-id=\"b68abf3\" data-element_type=\"container\">\n\t\t\t\t\t<div class=\"e-con-inner\">\n\t\t\t\t<div class=\"elementor-element elementor-element-659a577 elementor-widget elementor-widget-spacer\" data-id=\"659a577\" data-element_type=\"widget\" data-widget_type=\"spacer.default\">\n\t\t\t\t<div class=\"elementor-widget-container\">\n\t\t\t\t\t\t\t<div class=\"elementor-spacer\">\n\t\t\t<div class=\"elementor-spacer-inner\"><\/div>\n\t\t<\/div>\n\t\t\t\t\t\t<\/div>\n\t\t\t\t<\/div>\n\t\t\t\t\t<\/div>\n\t\t\t\t<\/div>\n\t\t<div class=\"elementor-element elementor-element-c0dbabf e-flex e-con-boxed e-con e-parent\" data-id=\"c0dbabf\" data-element_type=\"container\">\n\t\t\t\t\t<div class=\"e-con-inner\">\n\t\t\t\t<div class=\"elementor-element elementor-element-883e8cb elementor-widget elementor-widget-heading\" data-id=\"883e8cb\" data-element_type=\"widget\" data-widget_type=\"heading.default\">\n\t\t\t\t<div class=\"elementor-widget-container\">\n\t\t\t\t\t<h2 class=\"elementor-heading-title elementor-size-default\">Cont\u00e1ctenos<\/h2>\t\t\t\t<\/div>\n\t\t\t\t<\/div>\n\t\t\t\t\t<\/div>\n\t\t\t\t<\/div>\n\t\t<div class=\"elementor-element elementor-element-af89453 e-flex e-con-boxed e-con e-parent\" data-id=\"af89453\" data-element_type=\"container\">\n\t\t\t\t\t<div class=\"e-con-inner\">\n\t\t<div class=\"elementor-element elementor-element-6d77210 e-con-full e-flex e-con e-child\" data-id=\"6d77210\" data-element_type=\"container\">\n\t\t\t\t<div class=\"elementor-element elementor-element-f39696c elementor-widget elementor-widget-heading\" data-id=\"f39696c\" data-element_type=\"widget\" data-widget_type=\"heading.default\">\n\t\t\t\t<div class=\"elementor-widget-container\">\n\t\t\t\t\t<h4 class=\"elementor-heading-title elementor-size-default\">\u00bfC\u00f3mo podemos ayudarle?<\/h4>\t\t\t\t<\/div>\n\t\t\t\t<\/div>\n\t\t\t\t<div class=\"elementor-element elementor-element-5a599e4 elementor-widget elementor-widget-text-editor\" data-id=\"5a599e4\" data-element_type=\"widget\" data-widget_type=\"text-editor.default\">\n\t\t\t\t<div class=\"elementor-widget-container\">\n\t\t\t\t\t\t\t\t\t<p data-start=\"250\" data-end=\"341\"><span data-start=\"250\" data-end=\"299\">No dude en escribirnos un correo electr\u00f3nico.<\/span><br data-start=\"299\" data-end=\"302\" \/><span data-start=\"302\" data-end=\"325\">Correo electr\u00f3nico:<\/span> <b>info@dota.go.cr<\/b><\/p><p data-start=\"343\" data-end=\"460\"><span data-start=\"343\" data-end=\"401\">Tambi\u00e9n puede comunicarse por tel\u00e9fono o por WhatsApp.<\/span><br data-start=\"401\" data-end=\"404\" \/><span data-start=\"404\" data-end=\"428\">N\u00fameros de contacto:<\/span> <b>8717 9764 \/ 8836 3365<\/b><\/p><p data-start=\"462\" data-end=\"536\"><span data-start=\"462\" data-end=\"526\">El n\u00famero telef\u00f3nico oficial de la Municipalidad de Dota es:<\/span> <b>2541-2717<\/b><\/p><p data-start=\"462\" data-end=\"536\"><span data-start=\"538\" data-end=\"697\">Para otros asuntos espec\u00edficos, encontrar\u00e1 medios de contacto<b> <\/b>adicionales en el sitio web oficial de la Municipalidad, incluidos otros n\u00fameros de tel\u00e9fono.<\/span><\/p>\t\t\t\t\t\t\t\t<\/div>\n\t\t\t\t<\/div>\n\t\t\t\t<div class=\"elementor-element elementor-element-a48c058 elementor-widget elementor-widget-button\" data-id=\"a48c058\" data-element_type=\"widget\" data-widget_type=\"button.default\">\n\t\t\t\t<div class=\"elementor-widget-container\">\n\t\t\t\t\t\t\t\t\t<div class=\"elementor-button-wrapper\">\n\t\t\t\t\t<a class=\"elementor-button elementor-button-link elementor-size-sm\" href=\"https:\/\/dota.go.cr\/contacto\/\">\n\t\t\t\t\t\t<span class=\"elementor-button-content-wrapper\">\n\t\t\t\t\t\t\t\t\t<span class=\"elementor-button-text\">Municipalidad<\/span>\n\t\t\t\t\t<\/span>\n\t\t\t\t\t<\/a>\n\t\t\t\t<\/div>\n\t\t\t\t\t\t\t\t<\/div>\n\t\t\t\t<\/div>\n\t\t\t\t<\/div>\n\t\t<div class=\"elementor-element elementor-element-425f450 e-con-full e-flex e-con e-child\" data-id=\"425f450\" data-element_type=\"container\">\n\t\t<div class=\"elementor-element elementor-element-308c88c e-con-full e-flex e-con e-child\" data-id=\"308c88c\" data-element_type=\"container\">\n\t\t\t\t<div class=\"elementor-element elementor-element-e362265 elementor-widget elementor-widget-image\" data-id=\"e362265\" data-element_type=\"widget\" data-widget_type=\"image.default\">\n\t\t\t\t<div class=\"elementor-widget-container\">\n\t\t\t\t\t\t\t\t\t\t\t\t\t\t\t<img fetchpriority=\"high\" decoding=\"async\" width=\"819\" height=\"1024\" src=\"https:\/\/www.dota.go.cr\/ViveDota\/wp-content\/uploads\/2025\/05\/Design-ohne-Titel-24-819x1024.png\" class=\"attachment-large size-large wp-image-923\" alt=\"\" srcset=\"https:\/\/www.dota.go.cr\/ViveDota\/wp-content\/uploads\/2025\/05\/Design-ohne-Titel-24-819x1024.png 819w, https:\/\/www.dota.go.cr\/ViveDota\/wp-content\/uploads\/2025\/05\/Design-ohne-Titel-24-240x300.png 240w, https:\/\/www.dota.go.cr\/ViveDota\/wp-content\/uploads\/2025\/05\/Design-ohne-Titel-24-768x960.png 768w, https:\/\/www.dota.go.cr\/ViveDota\/wp-content\/uploads\/2025\/05\/Design-ohne-Titel-24.png 1080w\" sizes=\"(max-width: 819px) 100vw, 819px\" \/>\t\t\t\t\t\t\t\t\t\t\t\t\t\t\t<\/div>\n\t\t\t\t<\/div>\n\t\t\t\t<\/div>\n\t\t\t\t<\/div>\n\t\t\t\t\t<\/div>\n\t\t\t\t<\/div>\n\t\t<div class=\"elementor-element elementor-element-976ab1e e-flex e-con-boxed e-con e-parent\" data-id=\"976ab1e\" data-element_type=\"container\">\n\t\t\t\t\t<div class=\"e-con-inner\">\n\t\t\t\t<div class=\"elementor-element elementor-element-7b76ee2 elementor-widget elementor-widget-spacer\" data-id=\"7b76ee2\" data-element_type=\"widget\" data-widget_type=\"spacer.default\">\n\t\t\t\t<div class=\"elementor-widget-container\">\n\t\t\t\t\t\t\t<div class=\"elementor-spacer\">\n\t\t\t<div class=\"elementor-spacer-inner\"><\/div>\n\t\t<\/div>\n\t\t\t\t\t\t<\/div>\n\t\t\t\t<\/div>\n\t\t\t\t\t<\/div>\n\t\t\t\t<\/div>\n\t\t\t\t<\/div>\n\t\t","protected":false},"excerpt":{"rendered":"<p>Cont\u00e1ctenos \u00bfC\u00f3mo podemos ayudarle? No dude en escribirnos un correo electr\u00f3nico.Correo electr\u00f3nico: info@dota.go.cr Tambi\u00e9n puede comunicarse por tel\u00e9fono o por [&hellip;]<\/p>\n","protected":false},"author":1,"featured_media":0,"parent":0,"menu_order":0,"comment_status":"closed","ping_status":"closed","template":"","meta":{"_acf_changed":false,"site-sidebar-layout":"no-sidebar","site-content-layout":"","ast-site-content-layout":"full-width-container","site-content-style":"default","site-sidebar-style":"default","ast-global-header-display":"","ast-banner-title-visibility":"","ast-main-header-display":"","ast-hfb-above-header-display":"","ast-hfb-below-header-display":"","ast-hfb-mobile-header-display":"","site-post-title":"disabled","ast-breadcrumbs-content":"","ast-featured-img":"disabled","footer-sml-layout":"","theme-transparent-header-meta":"","adv-header-id-meta":"","stick-header-meta":"","header-above-stick-meta":"","header-main-stick-meta":"","header-below-stick-meta":"","astra-migrate-meta-layouts":"default","ast-page-background-enabled":"default","ast-page-background-meta":{"desktop":{"background-color":"var(--ast-global-color-4)","background-image":"","background-repeat":"repeat","background-position":"center center","background-size":"auto","background-attachment":"scroll","background-type":"","background-media":"","overlay-type":"","overlay-color":"","overlay-opacity":"","overlay-gradient":""},"tablet":{"background-color":"","background-image":"","background-repeat":"repeat","background-position":"center center","background-size":"auto","background-attachment":"scroll","background-type":"","background-media":"","overlay-type":"","overlay-color":"","overlay-opacity":"","overlay-gradient":""},"mobile":{"background-color":"","background-image":"","background-repeat":"repeat","background-position":"center center","background-size":"auto","background-attachment":"scroll","background-type":"","background-media":"","overlay-type":"","overlay-color":"","overlay-opacity":"","overlay-gradient":""}},"ast-content-background-meta":{"desktop":{"background-color":"var(--ast-global-color-5)","background-image":"","background-repeat":"repeat","background-position":"center center","background-size":"auto","background-attachment":"scroll","background-type":"","background-media":"","overlay-type":"","overlay-color":"","overlay-opacity":"","overlay-gradient":""},"tablet":{"background-color":"var(--ast-global-color-5)","background-image":"","background-repeat":"repeat","background-position":"center center","background-size":"auto","background-attachment":"scroll","background-type":"","background-media":"","overlay-type":"","overlay-color":"","overlay-opacity":"","overlay-gradient":""},"mobile":{"background-color":"var(--ast-global-color-5)","background-image":"","background-repeat":"repeat","background-position":"center center","background-size":"auto","background-attachment":"scroll","background-type":"","background-media":"","overlay-type":"","overlay-color":"","overlay-opacity":"","overlay-gradient":""}},"footnotes":""},"class_list":["post-746","page","type-page","status-publish","hentry"],"acf":[],"_links":{"self":[{"href":"https:\/\/www.dota.go.cr\/ViveDota\/wp-json\/wp\/v2\/pages\/746","targetHints":{"allow":["GET"]}}],"collection":[{"href":"https:\/\/www.dota.go.cr\/ViveDota\/wp-json\/wp\/v2\/pages"}],"about":[{"href":"https:\/\/www.dota.go.cr\/ViveDota\/wp-json\/wp\/v2\/types\/page"}],"author":[{"embeddable":true,"href":"https:\/\/www.dota.go.cr\/ViveDota\/wp-json\/wp\/v2\/users\/1"}],"replies":[{"embeddable":true,"href":"https:\/\/www.dota.go.cr\/ViveDota\/wp-json\/wp\/v2\/comments?post=746"}],"version-history":[{"count":81,"href":"https:\/\/www.dota.go.cr\/ViveDota\/wp-json\/wp\/v2\/pages\/746\/revisions"}],"predecessor-version":[{"id":3899,"href":"https:\/\/www.dota.go.cr\/ViveDota\/wp-json\/wp\/v2\/pages\/746\/revisions\/3899"}],"wp:attachment":[{"href":"https:\/\/www.dota.go.cr\/ViveDota\/wp-json\/wp\/v2\/media?parent=746"}],"curies":[{"name":"wp","href":"https:\/\/api.w.org\/{rel}","templated":true}]}}